{"id":1745,"date":"2022-12-20T07:52:05","date_gmt":"2022-12-20T07:52:05","guid":{"rendered":"https:\/\/id-micro.de\/chi-siamo\/"},"modified":"2023-04-26T08:40:54","modified_gmt":"2023-04-26T08:40:54","slug":"chi-siamo","status":"publish","type":"page","link":"https:\/\/id-micro.de\/it\/chi-siamo\/","title":{"rendered":"Chi siamo"},"content":{"rendered":"\t\t<div data-elementor-type=\"wp-page\" data-elementor-id=\"1745\" class=\"elementor elementor-1745 elementor-27\" data-elementor-post-type=\"page\">\n\t\t\t\t\t\t<section class=\"elementor-section elementor-top-section elementor-element elementor-element-bd800b1 elementor-section-boxed elementor-section-height-default elementor-section-height-default\" data-id=\"bd800b1\" data-element_type=\"section\" data-e-type=\"section\">\n\t\t\t\t\t\t<div class=\"elementor-container elementor-column-gap-default\">\n\t\t\t\t\t<div class=\"elementor-column elementor-col-100 elementor-top-column elementor-element elementor-element-8638bc4\" data-id=\"8638bc4\" data-element_type=\"column\" data-e-type=\"column\">\n\t\t\t<div class=\"elementor-widget-wrap elementor-element-populated\">\n\t\t\t\t\t\t<div class=\"elementor-element elementor-element-895b484 elementor-widget elementor-widget-heading\" data-id=\"895b484\" data-element_type=\"widget\" data-e-type=\"widget\" data-widget_type=\"heading.default\">\n\t\t\t\t<div class=\"elementor-widget-container\">\n\t\t\t\t\t<h2 class=\"elementor-heading-title elementor-size-default\">Il vostro partner per l'elettronica personalizzata da oltre 30 anni<\/h2>\t\t\t\t<\/div>\n\t\t\t\t<\/div>\n\t\t\t\t<div class=\"elementor-element elementor-element-410f3ba elementor-widget elementor-widget-text-editor\" data-id=\"410f3ba\" data-element_type=\"widget\" data-e-type=\"widget\" data-widget_type=\"text-editor.default\">\n\t\t\t\t<div class=\"elementor-widget-container\">\n\t\t\t\t\t\t\t\t\t<div class=\"ce-textpic ce-right ce-intext\">\n<div class=\"ce-bodytext\">\n<p>ID Microelektronik &amp; Me\u00dftechnik GmbH pu\u00f2 contare su un&#8217;esperienza pluriennale nel campo della misurazione, del controllo e della regolazione industriale. Dal 1991, i sistemi di misura e controllo sono stati realizzati per un&#8217;ampia variet\u00e0 di applicazioni in ambito scientifico e industriale. Questo know-how garantisce l&#8217;elevato standard qualitativo del nostro lavoro.<\/p>\n<p>Il fulcro delle nostre attivit\u00e0 \u00e8 lo sviluppo e la produzione di circuiti, dispositivi e sistemi personalizzati per applicazioni industriali nel campo della misurazione, del controllo e della regolazione.<\/p>\n<p>L&#8217;obiettivo dell&#8217;azienda \u00e8 una collaborazione fiduciosa e a lungo termine con i nostri clienti sulla base di una partnership.<\/p>\n<p>Utilizziamo le tecnologie pi\u00f9 recenti per offrire ai nostri clienti soluzioni a prova di futuro con idee creative. Tra gli esempi si possono citare i sistemi decentralizzati collegati in rete tramite CAN bus, i sistemi radio basati su Bluetooth, i controlli basati su server web, l&#8217;uso della tecnologia gate array, l&#8217;uso di microprocessori all&#8217;avanguardia o l&#8217;uso della tecnologia SMD.<\/p>\n<p>Gli sviluppi finora realizzati sono utilizzati nell&#8217;aviazione, nella tecnologia di misurazione delle centrali elettriche o nella costruzione di veicoli (costruzione di veicoli speciali, tecnologia agricola), nonch\u00e9 nei comandi di macchine industriali e nel campo della prospezione geofisica. Ben oltre 10.000 macchine sono dotate di comandi, cablaggi, dispositivi di comando e del relativo software da noi sviluppato e prodotto e sono utilizzate con successo in tutto il mondo.<\/p>\n<p>Grazie ai progetti di sviluppo realizzati finora, portiamo nei nuovi progetti una solida esperienza con una variet\u00e0 di tecnologie microelettroniche e di misura.<\/p>\n<p>In questo modo \u00e8 possibile scegliere la soluzione ottimale per il vostro compito, sia dal punto di vista tecnico che economico. Vi offriamo la realizzazione di progetti di sviluppo completi (con eventuale produzione successiva) e l&#8217;assunzione di singoli sviluppi contrattuali nell&#8217;ambito di progetti pi\u00f9 ampi da voi realizzati.<\/p>\n<p>Grazie all&#8217;uso costante di strumenti di sviluppo all&#8217;avanguardia, vi garantiamo un&#8217;implementazione efficiente del progetto:<\/p>\n<p>CAE &#8211; Computer Aided Engineering &#8211; non \u00e8 solo una parola d&#8217;ordine del nostro tempo, ma offre anche vantaggi tangibili. Per noi, CAE significa utilizzare computer ad alte prestazioni per lo sviluppo di PCB, la progettazione di gate array, la creazione di disegni tecnici e schemi di circuiti e la simulazione di circuiti. CAE significa anche: sviluppare software per applicazioni di microcontrollori con l&#8217;aiuto di potenti strumenti CASE. Infine, ma non per questo meno importante, CAE significa test di apparecchiature e sistemi assistiti da computer per garantire la qualit\u00e0.<\/p>\n<p>I vantaggi di lavorare con noi:<\/p>\n<ul>\n<li>DURATA RIDOTTA DEL PROGETTO<\/li>\n<li>ALTA QUALIT\u00c0<\/li>\n<li>UN BREVE &#8220;TIME TO MARKET&#8221;<\/li>\n<\/ul>\n<p>Un&#8217;impeccabile documentazione computerizzata completa lo sviluppo ed \u00e8 per noi una cosa ovvia.<\/p>\n<p>Siamo inoltre lieti di occuparci della formazione dei vostri dipendenti o dei vostri clienti.<\/p>\n<p>L&#8217;applicazione mirata della microelettronica aumenta anche la competitivit\u00e0 del vostro prodotto.<\/p>\n<p>In qualit\u00e0 di partner competente, desideriamo contribuire al successo della vostra attivit\u00e0.<\/p>\n<p>Saremo lieti di realizzare la soluzione ottimale anche per voi. Se desiderate discutere di persona del vostro compito, chiamateci.<\/p>\n<\/div>\n<\/div>\n\t\t\t\t\t\t\t\t<\/div>\n\t\t\t\t<\/div>\n\t\t\t\t\t<\/div>\n\t\t<\/div>\n\t\t\t\t\t<\/div>\n\t\t<\/section>\n\t\t\t\t<\/div>\n\t\t","protected":false},"excerpt":{"rendered":"<p>Il vostro partner per l&#8217;elettronica personalizzata da oltre 30 anni ID Microelektronik &amp; Me\u00dftechnik GmbH pu\u00f2 contare su un&#8217;esperienza pluriennale nel campo della misurazione, del controllo e della regolazione industriale. Dal 1991, i sistemi di misura e controllo sono stati realizzati per un&#8217;ampia variet\u00e0 di applicazioni in ambito scientifico e industriale. Questo know-how garantisce l&#8217;elevato [&hellip;]<\/p>\n","protected":false},"author":1,"featured_media":0,"parent":0,"menu_order":0,"comment_status":"closed","ping_status":"closed","template":"","meta":{"footnotes":""},"class_list":["post-1745","page","type-page","status-publish","hentry"],"yoast_head":"<!-- This site is optimized with the Yoast SEO plugin v26.8 - https:\/\/yoast.com\/product\/yoast-seo-wordpress\/ -->\n<title>Chi siamo - ID Microelektronik &amp; Me\u00dftechnik<\/title>\n<meta name=\"description\" content=\"Elektronik \u00e0 la carte - Ma\u00dfgeschneiderte Entwicklung und Fertigung von Elektronik und Me\u00dftechnik. Reparaturen eigener Elektronik f\u00fcr Welger, Lely, Deutz Fahr, Claas, ...\" \/>\n<meta name=\"robots\" content=\"index, follow, max-snippet:-1, max-image-preview:large, max-video-preview:-1\" \/>\n<link rel=\"canonical\" href=\"https:\/\/id-micro.de\/it\/chi-siamo\/\" \/>\n<meta property=\"og:locale\" content=\"it_IT\" \/>\n<meta property=\"og:type\" content=\"article\" \/>\n<meta property=\"og:title\" content=\"Chi siamo - ID Microelektronik &amp; Me\u00dftechnik\" \/>\n<meta property=\"og:description\" content=\"Elektronik \u00e0 la carte - Ma\u00dfgeschneiderte Entwicklung und Fertigung von Elektronik und Me\u00dftechnik. Reparaturen eigener Elektronik f\u00fcr Welger, Lely, Deutz Fahr, Claas, ...\" \/>\n<meta property=\"og:url\" content=\"https:\/\/id-micro.de\/it\/chi-siamo\/\" \/>\n<meta property=\"og:site_name\" content=\"ID Microelektronik &amp; Me\u00dftechnik\" \/>\n<meta property=\"article:modified_time\" content=\"2023-04-26T08:40:54+00:00\" \/>\n<meta name=\"twitter:card\" content=\"summary_large_image\" \/>\n<meta name=\"twitter:label1\" content=\"Tempo di lettura stimato\" \/>\n\t<meta name=\"twitter:data1\" content=\"2 minuti\" \/>\n<script type=\"application\/ld+json\" class=\"yoast-schema-graph\">{\"@context\":\"https:\/\/schema.org\",\"@graph\":[{\"@type\":\"WebPage\",\"@id\":\"https:\/\/id-micro.de\/it\/chi-siamo\/\",\"url\":\"https:\/\/id-micro.de\/it\/chi-siamo\/\",\"name\":\"Chi siamo - ID Microelektronik &amp; Me\u00dftechnik\",\"isPartOf\":{\"@id\":\"https:\/\/id-micro.de\/it\/#website\"},\"datePublished\":\"2022-12-20T07:52:05+00:00\",\"dateModified\":\"2023-04-26T08:40:54+00:00\",\"description\":\"Elektronik \u00e0 la carte - Ma\u00dfgeschneiderte Entwicklung und Fertigung von Elektronik und Me\u00dftechnik. Reparaturen eigener Elektronik f\u00fcr Welger, Lely, Deutz Fahr, Claas, ...\",\"breadcrumb\":{\"@id\":\"https:\/\/id-micro.de\/it\/chi-siamo\/#breadcrumb\"},\"inLanguage\":\"it-IT\",\"potentialAction\":[{\"@type\":\"ReadAction\",\"target\":[\"https:\/\/id-micro.de\/it\/chi-siamo\/\"]}]},{\"@type\":\"BreadcrumbList\",\"@id\":\"https:\/\/id-micro.de\/it\/chi-siamo\/#breadcrumb\",\"itemListElement\":[{\"@type\":\"ListItem\",\"position\":1,\"name\":\"Startseite\",\"item\":\"https:\/\/id-micro.de\/it\/home\/\"},{\"@type\":\"ListItem\",\"position\":2,\"name\":\"Chi siamo\"}]},{\"@type\":\"WebSite\",\"@id\":\"https:\/\/id-micro.de\/it\/#website\",\"url\":\"https:\/\/id-micro.de\/it\/\",\"name\":\"ID Microelektronik & Me\u00dftechnik\",\"description\":\"Elektronik \u00e0 la carte\",\"publisher\":{\"@id\":\"https:\/\/id-micro.de\/it\/#organization\"},\"potentialAction\":[{\"@type\":\"SearchAction\",\"target\":{\"@type\":\"EntryPoint\",\"urlTemplate\":\"https:\/\/id-micro.de\/it\/?s={search_term_string}\"},\"query-input\":{\"@type\":\"PropertyValueSpecification\",\"valueRequired\":true,\"valueName\":\"search_term_string\"}}],\"inLanguage\":\"it-IT\"},{\"@type\":\"Organization\",\"@id\":\"https:\/\/id-micro.de\/it\/#organization\",\"name\":\"ID Microelektronik & Me\u00dftechnik GmbH\",\"url\":\"https:\/\/id-micro.de\/it\/\",\"logo\":{\"@type\":\"ImageObject\",\"inLanguage\":\"it-IT\",\"@id\":\"https:\/\/id-micro.de\/it\/#\/schema\/logo\/image\/\",\"url\":\"https:\/\/id-micro.de\/wp-content\/uploads\/2022\/12\/ID-Logo_freigestellt.png\",\"contentUrl\":\"https:\/\/id-micro.de\/wp-content\/uploads\/2022\/12\/ID-Logo_freigestellt.png\",\"width\":1920,\"height\":361,\"caption\":\"ID Microelektronik & Me\u00dftechnik GmbH\"},\"image\":{\"@id\":\"https:\/\/id-micro.de\/it\/#\/schema\/logo\/image\/\"}}]}<\/script>\n<!-- \/ Yoast SEO plugin. -->","yoast_head_json":{"title":"Chi siamo - ID Microelektronik &amp; Me\u00dftechnik","description":"Elektronik \u00e0 la carte - Ma\u00dfgeschneiderte Entwicklung und Fertigung von Elektronik und Me\u00dftechnik. Reparaturen eigener Elektronik f\u00fcr Welger, Lely, Deutz Fahr, Claas, ...","robots":{"index":"index","follow":"follow","max-snippet":"max-snippet:-1","max-image-preview":"max-image-preview:large","max-video-preview":"max-video-preview:-1"},"canonical":"https:\/\/id-micro.de\/it\/chi-siamo\/","og_locale":"it_IT","og_type":"article","og_title":"Chi siamo - ID Microelektronik &amp; Me\u00dftechnik","og_description":"Elektronik \u00e0 la carte - Ma\u00dfgeschneiderte Entwicklung und Fertigung von Elektronik und Me\u00dftechnik. Reparaturen eigener Elektronik f\u00fcr Welger, Lely, Deutz Fahr, Claas, ...","og_url":"https:\/\/id-micro.de\/it\/chi-siamo\/","og_site_name":"ID Microelektronik &amp; Me\u00dftechnik","article_modified_time":"2023-04-26T08:40:54+00:00","twitter_card":"summary_large_image","twitter_misc":{"Tempo di lettura stimato":"2 minuti"},"schema":{"@context":"https:\/\/schema.org","@graph":[{"@type":"WebPage","@id":"https:\/\/id-micro.de\/it\/chi-siamo\/","url":"https:\/\/id-micro.de\/it\/chi-siamo\/","name":"Chi siamo - ID Microelektronik &amp; Me\u00dftechnik","isPartOf":{"@id":"https:\/\/id-micro.de\/it\/#website"},"datePublished":"2022-12-20T07:52:05+00:00","dateModified":"2023-04-26T08:40:54+00:00","description":"Elektronik \u00e0 la carte - Ma\u00dfgeschneiderte Entwicklung und Fertigung von Elektronik und Me\u00dftechnik. Reparaturen eigener Elektronik f\u00fcr Welger, Lely, Deutz Fahr, Claas, ...","breadcrumb":{"@id":"https:\/\/id-micro.de\/it\/chi-siamo\/#breadcrumb"},"inLanguage":"it-IT","potentialAction":[{"@type":"ReadAction","target":["https:\/\/id-micro.de\/it\/chi-siamo\/"]}]},{"@type":"BreadcrumbList","@id":"https:\/\/id-micro.de\/it\/chi-siamo\/#breadcrumb","itemListElement":[{"@type":"ListItem","position":1,"name":"Startseite","item":"https:\/\/id-micro.de\/it\/home\/"},{"@type":"ListItem","position":2,"name":"Chi siamo"}]},{"@type":"WebSite","@id":"https:\/\/id-micro.de\/it\/#website","url":"https:\/\/id-micro.de\/it\/","name":"ID Microelektronik & Me\u00dftechnik","description":"Elektronik \u00e0 la carte","publisher":{"@id":"https:\/\/id-micro.de\/it\/#organization"},"potentialAction":[{"@type":"SearchAction","target":{"@type":"EntryPoint","urlTemplate":"https:\/\/id-micro.de\/it\/?s={search_term_string}"},"query-input":{"@type":"PropertyValueSpecification","valueRequired":true,"valueName":"search_term_string"}}],"inLanguage":"it-IT"},{"@type":"Organization","@id":"https:\/\/id-micro.de\/it\/#organization","name":"ID Microelektronik & Me\u00dftechnik GmbH","url":"https:\/\/id-micro.de\/it\/","logo":{"@type":"ImageObject","inLanguage":"it-IT","@id":"https:\/\/id-micro.de\/it\/#\/schema\/logo\/image\/","url":"https:\/\/id-micro.de\/wp-content\/uploads\/2022\/12\/ID-Logo_freigestellt.png","contentUrl":"https:\/\/id-micro.de\/wp-content\/uploads\/2022\/12\/ID-Logo_freigestellt.png","width":1920,"height":361,"caption":"ID Microelektronik & Me\u00dftechnik GmbH"},"image":{"@id":"https:\/\/id-micro.de\/it\/#\/schema\/logo\/image\/"}}]}},"_links":{"self":[{"href":"https:\/\/id-micro.de\/it\/wp-json\/wp\/v2\/pages\/1745","targetHints":{"allow":["GET"]}}],"collection":[{"href":"https:\/\/id-micro.de\/it\/wp-json\/wp\/v2\/pages"}],"about":[{"href":"https:\/\/id-micro.de\/it\/wp-json\/wp\/v2\/types\/page"}],"author":[{"embeddable":true,"href":"https:\/\/id-micro.de\/it\/wp-json\/wp\/v2\/users\/1"}],"replies":[{"embeddable":true,"href":"https:\/\/id-micro.de\/it\/wp-json\/wp\/v2\/comments?post=1745"}],"version-history":[{"count":1,"href":"https:\/\/id-micro.de\/it\/wp-json\/wp\/v2\/pages\/1745\/revisions"}],"predecessor-version":[{"id":1746,"href":"https:\/\/id-micro.de\/it\/wp-json\/wp\/v2\/pages\/1745\/revisions\/1746"}],"wp:attachment":[{"href":"https:\/\/id-micro.de\/it\/wp-json\/wp\/v2\/media?parent=1745"}],"curies":[{"name":"wp","href":"https:\/\/api.w.org\/{rel}","templated":true}]}}