{"id":1729,"date":"2022-12-20T07:52:09","date_gmt":"2022-12-20T07:52:09","guid":{"rendered":"https:\/\/id-micro.de\/servizi\/"},"modified":"2023-04-26T08:23:45","modified_gmt":"2023-04-26T08:23:45","slug":"servizi","status":"publish","type":"page","link":"https:\/\/id-micro.de\/it\/servizi\/","title":{"rendered":"Servizi"},"content":{"rendered":"\t\t<div data-elementor-type=\"wp-page\" data-elementor-id=\"1729\" class=\"elementor elementor-1729 elementor-35\" data-elementor-post-type=\"page\">\n\t\t\t\t\t\t<section class=\"elementor-section elementor-top-section elementor-element elementor-element-f9df268 elementor-section-boxed elementor-section-height-default elementor-section-height-default\" data-id=\"f9df268\" data-element_type=\"section\" data-e-type=\"section\">\n\t\t\t\t\t\t<div class=\"elementor-container elementor-column-gap-default\">\n\t\t\t\t\t<div class=\"elementor-column elementor-col-100 elementor-top-column elementor-element elementor-element-91781b0\" data-id=\"91781b0\" data-element_type=\"column\" data-e-type=\"column\">\n\t\t\t<div class=\"elementor-widget-wrap elementor-element-populated\">\n\t\t\t\t\t\t<div class=\"elementor-element elementor-element-25ebeb4 elementor-widget elementor-widget-heading\" data-id=\"25ebeb4\" data-element_type=\"widget\" data-e-type=\"widget\" data-widget_type=\"heading.default\">\n\t\t\t\t<div class=\"elementor-widget-container\">\n\t\t\t\t\t<h2 class=\"elementor-heading-title elementor-size-default\">Il nostro servizio per voi:<\/h2>\t\t\t\t<\/div>\n\t\t\t\t<\/div>\n\t\t\t\t<section class=\"elementor-section elementor-inner-section elementor-element elementor-element-6b247ae elementor-section-boxed elementor-section-height-default elementor-section-height-default\" data-id=\"6b247ae\" data-element_type=\"section\" data-e-type=\"section\">\n\t\t\t\t\t\t<div class=\"elementor-container elementor-column-gap-default\">\n\t\t\t\t\t<div class=\"elementor-column elementor-col-50 elementor-inner-column elementor-element elementor-element-ebb8b2b\" data-id=\"ebb8b2b\" data-element_type=\"column\" data-e-type=\"column\">\n\t\t\t<div class=\"elementor-widget-wrap elementor-element-populated\">\n\t\t\t\t\t\t<div class=\"elementor-element elementor-element-1e6a93c elementor-widget elementor-widget-text-editor\" data-id=\"1e6a93c\" data-element_type=\"widget\" data-e-type=\"widget\" data-widget_type=\"text-editor.default\">\n\t\t\t\t<div class=\"elementor-widget-container\">\n\t\t\t\t\t\t\t\t\t<div>\n<h5>Consulenza<\/h5>\n<ul>\n<li>Analisi del sistema<\/li>\n<li>Preparazione di specifiche e requisiti<\/li>\n<li>Formazione<\/li>\n<li>Documentazioni<\/li>\n<\/ul>\n<\/div>\n\t\t\t\t\t\t\t\t<\/div>\n\t\t\t\t<\/div>\n\t\t\t\t<div class=\"elementor-element elementor-element-9d0a69b elementor-widget elementor-widget-text-editor\" data-id=\"9d0a69b\" data-element_type=\"widget\" data-e-type=\"widget\" data-widget_type=\"text-editor.default\">\n\t\t\t\t<div class=\"elementor-widget-container\">\n\t\t\t\t\t\t\t\t\t<div>\n<h5>Sviluppo<\/h5>\n<ul>\n<li>\n<h6>Hardware<\/h6>\n<\/li>\n<\/ul>\n<div style=\"padding-left: 40px;\">Elettronica<br>&nbsp;&nbsp; Microcontrollori, FPGA, CAN, elettronica di misura,<br>&nbsp;&nbsp; Unit\u00e0 di controllo, display<\/div>\n<div>&nbsp;<\/div>\n<ul>\n<li>\n<h6>Software<\/h6>\n<\/li>\n<\/ul>\n<div style=\"padding-left: 40px;\">in C, Assembler, Modula2.<br>&nbsp;Controlli di sequenza, monitoraggio delle condizioni, controllori, grafica<br>&nbsp;Superfici, comunicazione, sistemi decentralizzati, test, analisi degli errori<\/div>\n<div>&nbsp;<\/div>\n<ul>\n<li>\n<h6>Meccanica<\/h6>\n<\/li>\n<\/ul>\n<p style=\"padding-left: 40px;\">Alloggiamento<br>&nbsp;&nbsp; Pezzi stampati a iniezione di plastica, pezzi fresati a CNC, ecc.<br>Tastiere a membrana<br>&nbsp;&nbsp; Rana a scatto, retroilluminazione attiva dei tasti (design notturno)<\/p>\n<ul>\n<li>\n<h6>Sistemi completi<\/h6>\n<\/li>\n<\/ul>\n<div>\n<p style=\"padding-left: 40px;\">Sistemi di misura, controlli di macchine, cablaggi con sensori e attuatori, <br>Scatole per interruttori<\/p>\n<\/div>\n<\/div>\t\t\t\t\t\t\t\t<\/div>\n\t\t\t\t<\/div>\n\t\t\t\t<div class=\"elementor-element elementor-element-8abf9d4 elementor-widget elementor-widget-text-editor\" data-id=\"8abf9d4\" data-element_type=\"widget\" data-e-type=\"widget\" data-widget_type=\"text-editor.default\">\n\t\t\t\t<div class=\"elementor-widget-container\">\n\t\t\t\t\t\t\t\t\t<div>\n<div>\n<h5>Produzione<\/h5>\n<ul>\n<li>Assemblaggi<\/li>\n<li>Dispositivi completi<\/li>\n<li>Cablaggi<\/li>\n<li>Soluzioni chiavi in mano<\/li>\n<li>Costruzione di prototipi e serie<\/li>\n<\/ul>\n<\/div>\n<\/div>\n\t\t\t\t\t\t\t\t<\/div>\n\t\t\t\t<\/div>\n\t\t\t\t\t<\/div>\n\t\t<\/div>\n\t\t\t\t<div class=\"elementor-column elementor-col-50 elementor-inner-column elementor-element elementor-element-54eab8d\" data-id=\"54eab8d\" data-element_type=\"column\" data-e-type=\"column\">\n\t\t\t<div class=\"elementor-widget-wrap elementor-element-populated\">\n\t\t\t\t\t\t<div class=\"elementor-element elementor-element-d3fe3ee elementor-skin-slideshow elementor-arrows-yes elementor-widget elementor-widget-media-carousel\" data-id=\"d3fe3ee\" data-element_type=\"widget\" data-e-type=\"widget\" data-settings=\"{&quot;skin&quot;:&quot;slideshow&quot;,&quot;centered_slides&quot;:&quot;yes&quot;,&quot;sticky&quot;:&quot;top&quot;,&quot;sticky_offset&quot;:30,&quot;effect&quot;:&quot;slide&quot;,&quot;show_arrows&quot;:&quot;yes&quot;,&quot;speed&quot;:500,&quot;autoplay&quot;:&quot;yes&quot;,&quot;autoplay_speed&quot;:5000,&quot;loop&quot;:&quot;yes&quot;,&quot;pause_on_hover&quot;:&quot;yes&quot;,&quot;pause_on_interaction&quot;:&quot;yes&quot;,&quot;space_between&quot;:{&quot;unit&quot;:&quot;px&quot;,&quot;size&quot;:10,&quot;sizes&quot;:[]},&quot;space_between_tablet&quot;:{&quot;unit&quot;:&quot;px&quot;,&quot;size&quot;:10,&quot;sizes&quot;:[]},&quot;space_between_mobile&quot;:{&quot;unit&quot;:&quot;px&quot;,&quot;size&quot;:10,&quot;sizes&quot;:[]},&quot;sticky_on&quot;:[&quot;desktop&quot;,&quot;tablet&quot;,&quot;mobile&quot;],&quot;sticky_effects_offset&quot;:0,&quot;sticky_anchor_link_offset&quot;:0}\" data-widget_type=\"media-carousel.default\">\n\t\t\t\t<div class=\"elementor-widget-container\">\n\t\t\t\t\t\t\t\t\t<div class=\"elementor-swiper\">\n\t\t\t\t\t<div class=\"elementor-main-swiper swiper\" role=\"region\" aria-roledescription=\"carousel\" aria-label=\"Slides\">\n\t\t\t\t<div class=\"swiper-wrapper\">\n\t\t\t\t\t\t\t\t\t\t\t<div class=\"swiper-slide\" role=\"group\" aria-roledescription=\"slide\">\n\t\t\t\t\t\t\t\t\t<div class=\"elementor-carousel-image\" role=\"img\" aria-label=\"HSPI\" style=\"background-image: url(&#039;https:\/\/id-micro.de\/wp-content\/uploads\/2022\/12\/HSPI-scaled.jpg&#039;)\">\n\n\t\t\t\n\t\t\t\t\t<\/div>\n\t\t\t\t\t\t\t\t<\/div>\n\t\t\t\t\t\t\t\t\t\t\t<div class=\"swiper-slide\" role=\"group\" aria-roledescription=\"slide\">\n\t\t\t\t\t\t\t\t\t<div class=\"elementor-carousel-image\" role=\"img\" aria-label=\"IMG_3693\" style=\"background-image: url(&#039;https:\/\/id-micro.de\/wp-content\/uploads\/2022\/12\/IMG_3693-scaled.jpg&#039;)\">\n\n\t\t\t\n\t\t\t\t\t<\/div>\n\t\t\t\t\t\t\t\t<\/div>\n\t\t\t\t\t\t\t\t\t\t\t<div class=\"swiper-slide\" role=\"group\" aria-roledescription=\"slide\">\n\t\t\t\t\t\t\t\t\t<div class=\"elementor-carousel-image\" role=\"img\" aria-label=\"IMG_3669\" style=\"background-image: url(&#039;https:\/\/id-micro.de\/wp-content\/uploads\/2022\/12\/IMG_3669-scaled.jpg&#039;)\">\n\n\t\t\t\n\t\t\t\t\t<\/div>\n\t\t\t\t\t\t\t\t<\/div>\n\t\t\t\t\t\t\t\t\t\t\t<div class=\"swiper-slide\" role=\"group\" aria-roledescription=\"slide\">\n\t\t\t\t\t\t\t\t\t<div class=\"elementor-carousel-image\" role=\"img\" aria-label=\"Kabelbaum\" style=\"background-image: url(&#039;https:\/\/id-micro.de\/wp-content\/uploads\/2022\/12\/Kabelbaum-scaled.jpg&#039;)\">\n\n\t\t\t\n\t\t\t\t\t<\/div>\n\t\t\t\t\t\t\t\t<\/div>\n\t\t\t\t\t\t\t\t\t\t\t<div class=\"swiper-slide\" role=\"group\" aria-roledescription=\"slide\">\n\t\t\t\t\t\t\t\t\t<div class=\"elementor-carousel-image\" role=\"img\" aria-label=\"iRCP\" style=\"background-image: url(&#039;https:\/\/id-micro.de\/wp-content\/uploads\/2022\/12\/iRCP-scaled.jpg&#039;)\">\n\n\t\t\t\n\t\t\t\t\t<\/div>\n\t\t\t\t\t\t\t\t<\/div>\n\t\t\t\t\t\t\t\t\t\t\t<div class=\"swiper-slide\" role=\"group\" aria-roledescription=\"slide\">\n\t\t\t\t\t\t\t\t\t<div class=\"elementor-carousel-image\" role=\"img\" aria-label=\"IMG_2807\" style=\"background-image: url(&#039;https:\/\/id-micro.de\/wp-content\/uploads\/2022\/12\/IMG_2807-scaled.jpg&#039;)\">\n\n\t\t\t\n\t\t\t\t\t<\/div>\n\t\t\t\t\t\t\t\t<\/div>\n\t\t\t\t\t\t\t\t\t\t\t<div class=\"swiper-slide\" role=\"group\" aria-roledescription=\"slide\">\n\t\t\t\t\t\t\t\t\t<div class=\"elementor-carousel-image\" role=\"img\" aria-label=\"IMG_2830\" style=\"background-image: url(&#039;https:\/\/id-micro.de\/wp-content\/uploads\/2022\/12\/IMG_2830-scaled.jpg&#039;)\">\n\n\t\t\t\n\t\t\t\t\t<\/div>\n\t\t\t\t\t\t\t\t<\/div>\n\t\t\t\t\t\t\t\t\t<\/div>\n\t\t\t\t\t\t\t\t\t\t\t\t\t\t\t<div class=\"elementor-swiper-button elementor-swiper-button-prev\" role=\"button\" tabindex=\"0\" aria-label=\"Precedente\">\n\t\t\t\t\t\t\t<i aria-hidden=\"true\" class=\"eicon-chevron-left\"><\/i>\t\t\t\t\t\t<\/div>\n\t\t\t\t\t\t<div class=\"elementor-swiper-button elementor-swiper-button-next\" role=\"button\" tabindex=\"0\" aria-label=\"Successivo\">\n\t\t\t\t\t\t\t<i aria-hidden=\"true\" class=\"eicon-chevron-right\"><\/i>\t\t\t\t\t\t<\/div>\n\t\t\t\t\t\t\t\t\t\t\t\t\t\t\t\t\t<\/div>\n\t\t\t\t<\/div>\n\t\t\t\t\t\t\t\t<div class=\"elementor-swiper\">\n\t\t\t\t\t<div class=\"elementor-main-swiper swiper elementor-thumbnails-swiper swiper\" role=\"region region\" aria-roledescription=\"carousel carousel\" aria-label=\"Slides Slides\">\n\t\t\t\t<div class=\"swiper-wrapper\">\n\t\t\t\t\t\t\t\t\t\t\t<div class=\"swiper-slide\" role=\"group\" aria-roledescription=\"slide\">\n\t\t\t\t\t\t\t\t\t<div class=\"elementor-carousel-image\" role=\"img\" aria-label=\"HSPI\" style=\"background-image: url(&#039;https:\/\/id-micro.de\/wp-content\/uploads\/2022\/12\/HSPI-scaled.jpg&#039;)\">\n\n\t\t\t\n\t\t\t\t\t<\/div>\n\t\t\t\t\t\t\t\t<\/div>\n\t\t\t\t\t\t\t\t\t\t\t<div class=\"swiper-slide\" role=\"group\" aria-roledescription=\"slide\">\n\t\t\t\t\t\t\t\t\t<div class=\"elementor-carousel-image\" role=\"img\" aria-label=\"IMG_3693\" style=\"background-image: url(&#039;https:\/\/id-micro.de\/wp-content\/uploads\/2022\/12\/IMG_3693-scaled.jpg&#039;)\">\n\n\t\t\t\n\t\t\t\t\t<\/div>\n\t\t\t\t\t\t\t\t<\/div>\n\t\t\t\t\t\t\t\t\t\t\t<div class=\"swiper-slide\" role=\"group\" aria-roledescription=\"slide\">\n\t\t\t\t\t\t\t\t\t<div class=\"elementor-carousel-image\" role=\"img\" aria-label=\"IMG_3669\" style=\"background-image: url(&#039;https:\/\/id-micro.de\/wp-content\/uploads\/2022\/12\/IMG_3669-scaled.jpg&#039;)\">\n\n\t\t\t\n\t\t\t\t\t<\/div>\n\t\t\t\t\t\t\t\t<\/div>\n\t\t\t\t\t\t\t\t\t\t\t<div class=\"swiper-slide\" role=\"group\" aria-roledescription=\"slide\">\n\t\t\t\t\t\t\t\t\t<div class=\"elementor-carousel-image\" role=\"img\" aria-label=\"Kabelbaum\" style=\"background-image: url(&#039;https:\/\/id-micro.de\/wp-content\/uploads\/2022\/12\/Kabelbaum-scaled.jpg&#039;)\">\n\n\t\t\t\n\t\t\t\t\t<\/div>\n\t\t\t\t\t\t\t\t<\/div>\n\t\t\t\t\t\t\t\t\t\t\t<div class=\"swiper-slide\" role=\"group\" aria-roledescription=\"slide\">\n\t\t\t\t\t\t\t\t\t<div class=\"elementor-carousel-image\" role=\"img\" aria-label=\"iRCP\" style=\"background-image: url(&#039;https:\/\/id-micro.de\/wp-content\/uploads\/2022\/12\/iRCP-scaled.jpg&#039;)\">\n\n\t\t\t\n\t\t\t\t\t<\/div>\n\t\t\t\t\t\t\t\t<\/div>\n\t\t\t\t\t\t\t\t\t\t\t<div class=\"swiper-slide\" role=\"group\" aria-roledescription=\"slide\">\n\t\t\t\t\t\t\t\t\t<div class=\"elementor-carousel-image\" role=\"img\" aria-label=\"IMG_2807\" style=\"background-image: url(&#039;https:\/\/id-micro.de\/wp-content\/uploads\/2022\/12\/IMG_2807-scaled.jpg&#039;)\">\n\n\t\t\t\n\t\t\t\t\t<\/div>\n\t\t\t\t\t\t\t\t<\/div>\n\t\t\t\t\t\t\t\t\t\t\t<div class=\"swiper-slide\" role=\"group\" aria-roledescription=\"slide\">\n\t\t\t\t\t\t\t\t\t<div class=\"elementor-carousel-image\" role=\"img\" aria-label=\"IMG_2830\" style=\"background-image: url(&#039;https:\/\/id-micro.de\/wp-content\/uploads\/2022\/12\/IMG_2830-scaled.jpg&#039;)\">\n\n\t\t\t\n\t\t\t\t\t<\/div>\n\t\t\t\t\t\t\t\t<\/div>\n\t\t\t\t\t\t\t\t\t<\/div>\n\t\t\t\t\t\t\t\t\t\t\t\t\t\t\t\t\t\t\t\t\t<\/div>\n\t\t\t\t<\/div>\n\t\t\t\t\t\t\t\t<\/div>\n\t\t\t\t<\/div>\n\t\t\t\t\t<\/div>\n\t\t<\/div>\n\t\t\t\t\t<\/div>\n\t\t<\/section>\n\t\t\t\t\t<\/div>\n\t\t<\/div>\n\t\t\t\t\t<\/div>\n\t\t<\/section>\n\t\t\t\t<\/div>\n\t\t","protected":false},"excerpt":{"rendered":"<p>Il nostro servizio per voi: Consulenza Analisi del sistema Preparazione di specifiche e requisiti Formazione Documentazioni Sviluppo Hardware Elettronica&nbsp;&nbsp; Microcontrollori, FPGA, CAN, elettronica di misura,&nbsp;&nbsp; Unit\u00e0 di controllo, display &nbsp; Software in C, Assembler, Modula2.&nbsp;Controlli di sequenza, monitoraggio delle condizioni, controllori, grafica&nbsp;Superfici, comunicazione, sistemi decentralizzati, test, analisi degli errori &nbsp; Meccanica Alloggiamento&nbsp;&nbsp; Pezzi stampati a [&hellip;]<\/p>\n","protected":false},"author":1,"featured_media":0,"parent":0,"menu_order":0,"comment_status":"closed","ping_status":"closed","template":"","meta":{"footnotes":""},"class_list":["post-1729","page","type-page","status-publish","hentry"],"yoast_head":"<!-- This site is optimized with the Yoast SEO plugin v26.8 - https:\/\/yoast.com\/product\/yoast-seo-wordpress\/ -->\n<title>Servizi - ID Microelektronik &amp; Me\u00dftechnik<\/title>\n<meta name=\"description\" content=\"Elektronik \u00e0 la carte - Ma\u00dfgeschneiderte Entwicklung und Fertigung von Elektronik und Me\u00dftechnik. Reparaturen eigener Elektronik f\u00fcr Welger, Lely, Deutz Fahr, Claas, ...\" \/>\n<meta name=\"robots\" content=\"index, follow, max-snippet:-1, max-image-preview:large, max-video-preview:-1\" \/>\n<link rel=\"canonical\" href=\"https:\/\/id-micro.de\/it\/servizi\/\" \/>\n<meta property=\"og:locale\" content=\"it_IT\" \/>\n<meta property=\"og:type\" content=\"article\" \/>\n<meta property=\"og:title\" content=\"Servizi - ID Microelektronik &amp; Me\u00dftechnik\" \/>\n<meta property=\"og:description\" content=\"Elektronik \u00e0 la carte - Ma\u00dfgeschneiderte Entwicklung und Fertigung von Elektronik und Me\u00dftechnik. Reparaturen eigener Elektronik f\u00fcr Welger, Lely, Deutz Fahr, Claas, ...\" \/>\n<meta property=\"og:url\" content=\"https:\/\/id-micro.de\/it\/servizi\/\" \/>\n<meta property=\"og:site_name\" content=\"ID Microelektronik &amp; Me\u00dftechnik\" \/>\n<meta property=\"article:modified_time\" content=\"2023-04-26T08:23:45+00:00\" \/>\n<meta name=\"twitter:card\" content=\"summary_large_image\" \/>\n<meta name=\"twitter:label1\" content=\"Tempo di lettura stimato\" \/>\n\t<meta name=\"twitter:data1\" content=\"1 minuto\" \/>\n<script type=\"application\/ld+json\" class=\"yoast-schema-graph\">{\"@context\":\"https:\/\/schema.org\",\"@graph\":[{\"@type\":\"WebPage\",\"@id\":\"https:\/\/id-micro.de\/it\/servizi\/\",\"url\":\"https:\/\/id-micro.de\/it\/servizi\/\",\"name\":\"Servizi - ID Microelektronik &amp; Me\u00dftechnik\",\"isPartOf\":{\"@id\":\"https:\/\/id-micro.de\/it\/#website\"},\"datePublished\":\"2022-12-20T07:52:09+00:00\",\"dateModified\":\"2023-04-26T08:23:45+00:00\",\"description\":\"Elektronik \u00e0 la carte - Ma\u00dfgeschneiderte Entwicklung und Fertigung von Elektronik und Me\u00dftechnik. Reparaturen eigener Elektronik f\u00fcr Welger, Lely, Deutz Fahr, Claas, ...\",\"breadcrumb\":{\"@id\":\"https:\/\/id-micro.de\/it\/servizi\/#breadcrumb\"},\"inLanguage\":\"it-IT\",\"potentialAction\":[{\"@type\":\"ReadAction\",\"target\":[\"https:\/\/id-micro.de\/it\/servizi\/\"]}]},{\"@type\":\"BreadcrumbList\",\"@id\":\"https:\/\/id-micro.de\/it\/servizi\/#breadcrumb\",\"itemListElement\":[{\"@type\":\"ListItem\",\"position\":1,\"name\":\"Startseite\",\"item\":\"https:\/\/id-micro.de\/it\/home\/\"},{\"@type\":\"ListItem\",\"position\":2,\"name\":\"Servizi\"}]},{\"@type\":\"WebSite\",\"@id\":\"https:\/\/id-micro.de\/it\/#website\",\"url\":\"https:\/\/id-micro.de\/it\/\",\"name\":\"ID Microelektronik & Me\u00dftechnik\",\"description\":\"Elektronik \u00e0 la carte\",\"publisher\":{\"@id\":\"https:\/\/id-micro.de\/it\/#organization\"},\"potentialAction\":[{\"@type\":\"SearchAction\",\"target\":{\"@type\":\"EntryPoint\",\"urlTemplate\":\"https:\/\/id-micro.de\/it\/?s={search_term_string}\"},\"query-input\":{\"@type\":\"PropertyValueSpecification\",\"valueRequired\":true,\"valueName\":\"search_term_string\"}}],\"inLanguage\":\"it-IT\"},{\"@type\":\"Organization\",\"@id\":\"https:\/\/id-micro.de\/it\/#organization\",\"name\":\"ID Microelektronik & Me\u00dftechnik GmbH\",\"url\":\"https:\/\/id-micro.de\/it\/\",\"logo\":{\"@type\":\"ImageObject\",\"inLanguage\":\"it-IT\",\"@id\":\"https:\/\/id-micro.de\/it\/#\/schema\/logo\/image\/\",\"url\":\"https:\/\/id-micro.de\/wp-content\/uploads\/2022\/12\/ID-Logo_freigestellt.png\",\"contentUrl\":\"https:\/\/id-micro.de\/wp-content\/uploads\/2022\/12\/ID-Logo_freigestellt.png\",\"width\":1920,\"height\":361,\"caption\":\"ID Microelektronik & Me\u00dftechnik GmbH\"},\"image\":{\"@id\":\"https:\/\/id-micro.de\/it\/#\/schema\/logo\/image\/\"}}]}<\/script>\n<!-- \/ Yoast SEO plugin. -->","yoast_head_json":{"title":"Servizi - ID Microelektronik &amp; Me\u00dftechnik","description":"Elektronik \u00e0 la carte - Ma\u00dfgeschneiderte Entwicklung und Fertigung von Elektronik und Me\u00dftechnik. Reparaturen eigener Elektronik f\u00fcr Welger, Lely, Deutz Fahr, Claas, ...","robots":{"index":"index","follow":"follow","max-snippet":"max-snippet:-1","max-image-preview":"max-image-preview:large","max-video-preview":"max-video-preview:-1"},"canonical":"https:\/\/id-micro.de\/it\/servizi\/","og_locale":"it_IT","og_type":"article","og_title":"Servizi - ID Microelektronik &amp; Me\u00dftechnik","og_description":"Elektronik \u00e0 la carte - Ma\u00dfgeschneiderte Entwicklung und Fertigung von Elektronik und Me\u00dftechnik. Reparaturen eigener Elektronik f\u00fcr Welger, Lely, Deutz Fahr, Claas, ...","og_url":"https:\/\/id-micro.de\/it\/servizi\/","og_site_name":"ID Microelektronik &amp; Me\u00dftechnik","article_modified_time":"2023-04-26T08:23:45+00:00","twitter_card":"summary_large_image","twitter_misc":{"Tempo di lettura stimato":"1 minuto"},"schema":{"@context":"https:\/\/schema.org","@graph":[{"@type":"WebPage","@id":"https:\/\/id-micro.de\/it\/servizi\/","url":"https:\/\/id-micro.de\/it\/servizi\/","name":"Servizi - ID Microelektronik &amp; Me\u00dftechnik","isPartOf":{"@id":"https:\/\/id-micro.de\/it\/#website"},"datePublished":"2022-12-20T07:52:09+00:00","dateModified":"2023-04-26T08:23:45+00:00","description":"Elektronik \u00e0 la carte - Ma\u00dfgeschneiderte Entwicklung und Fertigung von Elektronik und Me\u00dftechnik. Reparaturen eigener Elektronik f\u00fcr Welger, Lely, Deutz Fahr, Claas, ...","breadcrumb":{"@id":"https:\/\/id-micro.de\/it\/servizi\/#breadcrumb"},"inLanguage":"it-IT","potentialAction":[{"@type":"ReadAction","target":["https:\/\/id-micro.de\/it\/servizi\/"]}]},{"@type":"BreadcrumbList","@id":"https:\/\/id-micro.de\/it\/servizi\/#breadcrumb","itemListElement":[{"@type":"ListItem","position":1,"name":"Startseite","item":"https:\/\/id-micro.de\/it\/home\/"},{"@type":"ListItem","position":2,"name":"Servizi"}]},{"@type":"WebSite","@id":"https:\/\/id-micro.de\/it\/#website","url":"https:\/\/id-micro.de\/it\/","name":"ID Microelektronik & Me\u00dftechnik","description":"Elektronik \u00e0 la carte","publisher":{"@id":"https:\/\/id-micro.de\/it\/#organization"},"potentialAction":[{"@type":"SearchAction","target":{"@type":"EntryPoint","urlTemplate":"https:\/\/id-micro.de\/it\/?s={search_term_string}"},"query-input":{"@type":"PropertyValueSpecification","valueRequired":true,"valueName":"search_term_string"}}],"inLanguage":"it-IT"},{"@type":"Organization","@id":"https:\/\/id-micro.de\/it\/#organization","name":"ID Microelektronik & Me\u00dftechnik GmbH","url":"https:\/\/id-micro.de\/it\/","logo":{"@type":"ImageObject","inLanguage":"it-IT","@id":"https:\/\/id-micro.de\/it\/#\/schema\/logo\/image\/","url":"https:\/\/id-micro.de\/wp-content\/uploads\/2022\/12\/ID-Logo_freigestellt.png","contentUrl":"https:\/\/id-micro.de\/wp-content\/uploads\/2022\/12\/ID-Logo_freigestellt.png","width":1920,"height":361,"caption":"ID Microelektronik & Me\u00dftechnik GmbH"},"image":{"@id":"https:\/\/id-micro.de\/it\/#\/schema\/logo\/image\/"}}]}},"_links":{"self":[{"href":"https:\/\/id-micro.de\/it\/wp-json\/wp\/v2\/pages\/1729","targetHints":{"allow":["GET"]}}],"collection":[{"href":"https:\/\/id-micro.de\/it\/wp-json\/wp\/v2\/pages"}],"about":[{"href":"https:\/\/id-micro.de\/it\/wp-json\/wp\/v2\/types\/page"}],"author":[{"embeddable":true,"href":"https:\/\/id-micro.de\/it\/wp-json\/wp\/v2\/users\/1"}],"replies":[{"embeddable":true,"href":"https:\/\/id-micro.de\/it\/wp-json\/wp\/v2\/comments?post=1729"}],"version-history":[{"count":1,"href":"https:\/\/id-micro.de\/it\/wp-json\/wp\/v2\/pages\/1729\/revisions"}],"predecessor-version":[{"id":1730,"href":"https:\/\/id-micro.de\/it\/wp-json\/wp\/v2\/pages\/1729\/revisions\/1730"}],"wp:attachment":[{"href":"https:\/\/id-micro.de\/it\/wp-json\/wp\/v2\/media?parent=1729"}],"curies":[{"name":"wp","href":"https:\/\/api.w.org\/{rel}","templated":true}]}}