{"id":1719,"date":"2023-01-09T15:49:02","date_gmt":"2023-01-09T15:49:02","guid":{"rendered":"https:\/\/id-micro.de\/protezione-dei-dati\/"},"modified":"2023-04-26T08:18:20","modified_gmt":"2023-04-26T08:18:20","slug":"protezione-dei-dati","status":"publish","type":"page","link":"https:\/\/id-micro.de\/it\/protezione-dei-dati\/","title":{"rendered":"Protezione dei dati"},"content":{"rendered":"\t\t<div data-elementor-type=\"wp-page\" data-elementor-id=\"1719\" class=\"elementor elementor-1719 elementor-758\" data-elementor-post-type=\"page\">\n\t\t\t\t\t\t<section class=\"elementor-section elementor-top-section elementor-element elementor-element-3f3070e elementor-section-boxed elementor-section-height-default elementor-section-height-default\" data-id=\"3f3070e\" data-element_type=\"section\" data-e-type=\"section\">\n\t\t\t\t\t\t<div class=\"elementor-container elementor-column-gap-default\">\n\t\t\t\t\t<div class=\"elementor-column elementor-col-100 elementor-top-column elementor-element elementor-element-492ad24\" data-id=\"492ad24\" data-element_type=\"column\" data-e-type=\"column\">\n\t\t\t<div class=\"elementor-widget-wrap elementor-element-populated\">\n\t\t\t\t\t\t<div class=\"elementor-element elementor-element-60d9620 elementor-widget elementor-widget-heading\" data-id=\"60d9620\" data-element_type=\"widget\" data-e-type=\"widget\" data-widget_type=\"heading.default\">\n\t\t\t\t<div class=\"elementor-widget-container\">\n\t\t\t\t\t<h2 class=\"elementor-heading-title elementor-size-default\">Informativa sulla privacy<\/h2>\t\t\t\t<\/div>\n\t\t\t\t<\/div>\n\t\t\t\t<div class=\"elementor-element elementor-element-bf33e25 elementor-widget elementor-widget-text-editor\" data-id=\"bf33e25\" data-element_type=\"widget\" data-e-type=\"widget\" data-widget_type=\"text-editor.default\">\n\t\t\t\t<div class=\"elementor-widget-container\">\n\t\t\t\t\t\t\t\t\t<div>\n<div>\n<p>La protezione della vostra privacy quando utilizzate il nostro sito web \u00e8 importante per noi. In qualit\u00e0 di gestore di questo sito web, ID Microelektronik &amp; Me\u00dftechnik GmbH desidera informarvi di seguito su quali dati vengono raccolti, trasmessi e salvati quando visitate il sito www.id-micro.de.<\/p>\n<p>Pertanto, si prega di prendere nota delle seguenti informazioni:<\/p>\n<p><strong>Link ad altri siti web<\/strong><\/p>\n<p>L&#8217;offerta online contiene link ad altri siti web (i cosiddetti link esterni). Non abbiamo alcuna influenza sul rispetto delle norme sulla protezione dei dati da parte dei gestori di altri siti web.<\/p>\n<p>In qualit\u00e0 di fornitore, ID Microelektronik &amp; Me\u00dftechnik GmbH \u00e8 responsabile dei propri contenuti in conformit\u00e0 alla legislazione generale. Questi contenuti propri possono essere distinti dai &#8220;link&#8221; a contenuti forniti da altri fornitori. ID Microelektronik &amp; Me\u00dftechnik GmbH non si assume alcuna responsabilit\u00e0 per i contenuti esterni resi disponibili all&#8217;uso tramite link e appositamente contrassegnati, e non ne adotta il contenuto come proprio. Il fornitore del sito web a cui si fa riferimento \u00e8 l&#8217;unico responsabile per i contenuti illegali, errati o incompleti, nonch\u00e9 per i danni derivanti dall&#8217;uso o dal mancato uso delle informazioni. I redattori sono responsabili dei link esterni solo se ne sono a conoscenza, cio\u00e8 anche di contenuti illegali o criminali, e se \u00e8 tecnicamente possibile e ragionevole impedirne l&#8217;uso.<\/p>\n<p><strong>Diritto di ricorso all&#8217;autorit\u00e0 di vigilanza<\/strong><br \/>Ogni utente pu\u00f2 presentare un reclamo all&#8217;autorit\u00e0 di controllo competente ai sensi dell&#8217;art. 77 DSGVO se ritiene che il trattamento dei suoi dati personali avvenga in modo illecito.<\/p>\n<p>L&#8217;autorit\u00e0 di vigilanza competente \u00e8:<br \/>Landesbeauftragte\/r f\u00fcr den Datenschutz Niedersachsen<br \/>E-mail: <a title=\"Opens window for sending email\" href=\"mailto:poststelle@lfd.niedersachsen.de\"><u>poststelle@lfd.niedersachsen.de<\/u><\/a><\/p>\n<p><strong>Modifica dell&#8217;informativa sulla protezione dei dati<\/strong><br \/>ID Microelektronik &amp; Me\u00dftechnik GmbH si riserva il diritto di aggiornare la presente informativa sulla protezione dei dati. In caso di modifiche che potrebbero essere svantaggiose per l&#8217;utente, ID Microelektronik &amp; Me\u00dftechnik GmbH lo informer\u00e0 tempestivamente.<\/p>\n<p><strong>Responsabile della protezione dei dati di ID Microelektronik &amp; Me\u00dftechnik GmbH<\/strong><br \/>Se avete ulteriori domande sul tema &#8220;Protezione dei dati presso ID Microelektronik&#8221;, potete inviare informazioni sui vostri dati e suggerimenti in qualsiasi momento via e-mail al seguente indirizzo:<\/p>\n<p>E-mail: <a href=\"mailto:datenschutz@id-micro.de\"><u>datenschutz@id-micro.de<\/u><\/a><\/p>\n<\/div>\n<\/div>\n\t\t\t\t\t\t\t\t<\/div>\n\t\t\t\t<\/div>\n\t\t\t\t\t<\/div>\n\t\t<\/div>\n\t\t\t\t\t<\/div>\n\t\t<\/section>\n\t\t\t\t<\/div>\n\t\t","protected":false},"excerpt":{"rendered":"<p>Informativa sulla privacy La protezione della vostra privacy quando utilizzate il nostro sito web \u00e8 importante per noi. In qualit\u00e0 di gestore di questo sito web, ID Microelektronik &amp; Me\u00dftechnik GmbH desidera informarvi di seguito su quali dati vengono raccolti, trasmessi e salvati quando visitate il sito www.id-micro.de. Pertanto, si prega di prendere nota delle [&hellip;]<\/p>\n","protected":false},"author":1,"featured_media":0,"parent":0,"menu_order":0,"comment_status":"closed","ping_status":"closed","template":"","meta":{"footnotes":""},"class_list":["post-1719","page","type-page","status-publish","hentry"],"yoast_head":"<!-- This site is optimized with the Yoast SEO plugin v26.8 - https:\/\/yoast.com\/product\/yoast-seo-wordpress\/ -->\n<title>Protezione dei dati - ID Microelektronik &amp; Me\u00dftechnik<\/title>\n<meta name=\"description\" content=\"Elektronik \u00e0 la carte - Ma\u00dfgeschneiderte Entwicklung und Fertigung von Elektronik und Me\u00dftechnik. Reparaturen eigener Elektronik f\u00fcr Welger, Lely, Deutz Fahr, Claas, ...\" \/>\n<meta name=\"robots\" content=\"index, follow, max-snippet:-1, max-image-preview:large, max-video-preview:-1\" \/>\n<link rel=\"canonical\" href=\"https:\/\/id-micro.de\/it\/protezione-dei-dati\/\" \/>\n<meta property=\"og:locale\" content=\"it_IT\" \/>\n<meta property=\"og:type\" content=\"article\" \/>\n<meta property=\"og:title\" content=\"Protezione dei dati - ID Microelektronik &amp; Me\u00dftechnik\" \/>\n<meta property=\"og:description\" content=\"Elektronik \u00e0 la carte - Ma\u00dfgeschneiderte Entwicklung und Fertigung von Elektronik und Me\u00dftechnik. Reparaturen eigener Elektronik f\u00fcr Welger, Lely, Deutz Fahr, Claas, ...\" \/>\n<meta property=\"og:url\" content=\"https:\/\/id-micro.de\/it\/protezione-dei-dati\/\" \/>\n<meta property=\"og:site_name\" content=\"ID Microelektronik &amp; Me\u00dftechnik\" \/>\n<meta property=\"article:modified_time\" content=\"2023-04-26T08:18:20+00:00\" \/>\n<meta name=\"twitter:card\" content=\"summary_large_image\" \/>\n<meta name=\"twitter:label1\" content=\"Tempo di lettura stimato\" \/>\n\t<meta name=\"twitter:data1\" content=\"2 minuti\" \/>\n<script type=\"application\/ld+json\" class=\"yoast-schema-graph\">{\"@context\":\"https:\/\/schema.org\",\"@graph\":[{\"@type\":\"WebPage\",\"@id\":\"https:\/\/id-micro.de\/it\/protezione-dei-dati\/\",\"url\":\"https:\/\/id-micro.de\/it\/protezione-dei-dati\/\",\"name\":\"Protezione dei dati - ID Microelektronik &amp; Me\u00dftechnik\",\"isPartOf\":{\"@id\":\"https:\/\/id-micro.de\/it\/#website\"},\"datePublished\":\"2023-01-09T15:49:02+00:00\",\"dateModified\":\"2023-04-26T08:18:20+00:00\",\"description\":\"Elektronik \u00e0 la carte - Ma\u00dfgeschneiderte Entwicklung und Fertigung von Elektronik und Me\u00dftechnik. Reparaturen eigener Elektronik f\u00fcr Welger, Lely, Deutz Fahr, Claas, ...\",\"breadcrumb\":{\"@id\":\"https:\/\/id-micro.de\/it\/protezione-dei-dati\/#breadcrumb\"},\"inLanguage\":\"it-IT\",\"potentialAction\":[{\"@type\":\"ReadAction\",\"target\":[\"https:\/\/id-micro.de\/it\/protezione-dei-dati\/\"]}]},{\"@type\":\"BreadcrumbList\",\"@id\":\"https:\/\/id-micro.de\/it\/protezione-dei-dati\/#breadcrumb\",\"itemListElement\":[{\"@type\":\"ListItem\",\"position\":1,\"name\":\"Startseite\",\"item\":\"https:\/\/id-micro.de\/it\/home\/\"},{\"@type\":\"ListItem\",\"position\":2,\"name\":\"Protezione dei dati\"}]},{\"@type\":\"WebSite\",\"@id\":\"https:\/\/id-micro.de\/it\/#website\",\"url\":\"https:\/\/id-micro.de\/it\/\",\"name\":\"ID Microelektronik & Me\u00dftechnik\",\"description\":\"Elektronik \u00e0 la carte\",\"publisher\":{\"@id\":\"https:\/\/id-micro.de\/it\/#organization\"},\"potentialAction\":[{\"@type\":\"SearchAction\",\"target\":{\"@type\":\"EntryPoint\",\"urlTemplate\":\"https:\/\/id-micro.de\/it\/?s={search_term_string}\"},\"query-input\":{\"@type\":\"PropertyValueSpecification\",\"valueRequired\":true,\"valueName\":\"search_term_string\"}}],\"inLanguage\":\"it-IT\"},{\"@type\":\"Organization\",\"@id\":\"https:\/\/id-micro.de\/it\/#organization\",\"name\":\"ID Microelektronik & Me\u00dftechnik GmbH\",\"url\":\"https:\/\/id-micro.de\/it\/\",\"logo\":{\"@type\":\"ImageObject\",\"inLanguage\":\"it-IT\",\"@id\":\"https:\/\/id-micro.de\/it\/#\/schema\/logo\/image\/\",\"url\":\"https:\/\/id-micro.de\/wp-content\/uploads\/2022\/12\/ID-Logo_freigestellt.png\",\"contentUrl\":\"https:\/\/id-micro.de\/wp-content\/uploads\/2022\/12\/ID-Logo_freigestellt.png\",\"width\":1920,\"height\":361,\"caption\":\"ID Microelektronik & Me\u00dftechnik GmbH\"},\"image\":{\"@id\":\"https:\/\/id-micro.de\/it\/#\/schema\/logo\/image\/\"}}]}<\/script>\n<!-- \/ Yoast SEO plugin. -->","yoast_head_json":{"title":"Protezione dei dati - ID Microelektronik &amp; Me\u00dftechnik","description":"Elektronik \u00e0 la carte - Ma\u00dfgeschneiderte Entwicklung und Fertigung von Elektronik und Me\u00dftechnik. Reparaturen eigener Elektronik f\u00fcr Welger, Lely, Deutz Fahr, Claas, ...","robots":{"index":"index","follow":"follow","max-snippet":"max-snippet:-1","max-image-preview":"max-image-preview:large","max-video-preview":"max-video-preview:-1"},"canonical":"https:\/\/id-micro.de\/it\/protezione-dei-dati\/","og_locale":"it_IT","og_type":"article","og_title":"Protezione dei dati - ID Microelektronik &amp; Me\u00dftechnik","og_description":"Elektronik \u00e0 la carte - Ma\u00dfgeschneiderte Entwicklung und Fertigung von Elektronik und Me\u00dftechnik. Reparaturen eigener Elektronik f\u00fcr Welger, Lely, Deutz Fahr, Claas, ...","og_url":"https:\/\/id-micro.de\/it\/protezione-dei-dati\/","og_site_name":"ID Microelektronik &amp; Me\u00dftechnik","article_modified_time":"2023-04-26T08:18:20+00:00","twitter_card":"summary_large_image","twitter_misc":{"Tempo di lettura stimato":"2 minuti"},"schema":{"@context":"https:\/\/schema.org","@graph":[{"@type":"WebPage","@id":"https:\/\/id-micro.de\/it\/protezione-dei-dati\/","url":"https:\/\/id-micro.de\/it\/protezione-dei-dati\/","name":"Protezione dei dati - ID Microelektronik &amp; Me\u00dftechnik","isPartOf":{"@id":"https:\/\/id-micro.de\/it\/#website"},"datePublished":"2023-01-09T15:49:02+00:00","dateModified":"2023-04-26T08:18:20+00:00","description":"Elektronik \u00e0 la carte - Ma\u00dfgeschneiderte Entwicklung und Fertigung von Elektronik und Me\u00dftechnik. Reparaturen eigener Elektronik f\u00fcr Welger, Lely, Deutz Fahr, Claas, ...","breadcrumb":{"@id":"https:\/\/id-micro.de\/it\/protezione-dei-dati\/#breadcrumb"},"inLanguage":"it-IT","potentialAction":[{"@type":"ReadAction","target":["https:\/\/id-micro.de\/it\/protezione-dei-dati\/"]}]},{"@type":"BreadcrumbList","@id":"https:\/\/id-micro.de\/it\/protezione-dei-dati\/#breadcrumb","itemListElement":[{"@type":"ListItem","position":1,"name":"Startseite","item":"https:\/\/id-micro.de\/it\/home\/"},{"@type":"ListItem","position":2,"name":"Protezione dei dati"}]},{"@type":"WebSite","@id":"https:\/\/id-micro.de\/it\/#website","url":"https:\/\/id-micro.de\/it\/","name":"ID Microelektronik & Me\u00dftechnik","description":"Elektronik \u00e0 la carte","publisher":{"@id":"https:\/\/id-micro.de\/it\/#organization"},"potentialAction":[{"@type":"SearchAction","target":{"@type":"EntryPoint","urlTemplate":"https:\/\/id-micro.de\/it\/?s={search_term_string}"},"query-input":{"@type":"PropertyValueSpecification","valueRequired":true,"valueName":"search_term_string"}}],"inLanguage":"it-IT"},{"@type":"Organization","@id":"https:\/\/id-micro.de\/it\/#organization","name":"ID Microelektronik & Me\u00dftechnik GmbH","url":"https:\/\/id-micro.de\/it\/","logo":{"@type":"ImageObject","inLanguage":"it-IT","@id":"https:\/\/id-micro.de\/it\/#\/schema\/logo\/image\/","url":"https:\/\/id-micro.de\/wp-content\/uploads\/2022\/12\/ID-Logo_freigestellt.png","contentUrl":"https:\/\/id-micro.de\/wp-content\/uploads\/2022\/12\/ID-Logo_freigestellt.png","width":1920,"height":361,"caption":"ID Microelektronik & Me\u00dftechnik GmbH"},"image":{"@id":"https:\/\/id-micro.de\/it\/#\/schema\/logo\/image\/"}}]}},"_links":{"self":[{"href":"https:\/\/id-micro.de\/it\/wp-json\/wp\/v2\/pages\/1719","targetHints":{"allow":["GET"]}}],"collection":[{"href":"https:\/\/id-micro.de\/it\/wp-json\/wp\/v2\/pages"}],"about":[{"href":"https:\/\/id-micro.de\/it\/wp-json\/wp\/v2\/types\/page"}],"author":[{"embeddable":true,"href":"https:\/\/id-micro.de\/it\/wp-json\/wp\/v2\/users\/1"}],"replies":[{"embeddable":true,"href":"https:\/\/id-micro.de\/it\/wp-json\/wp\/v2\/comments?post=1719"}],"version-history":[{"count":1,"href":"https:\/\/id-micro.de\/it\/wp-json\/wp\/v2\/pages\/1719\/revisions"}],"predecessor-version":[{"id":1720,"href":"https:\/\/id-micro.de\/it\/wp-json\/wp\/v2\/pages\/1719\/revisions\/1720"}],"wp:attachment":[{"href":"https:\/\/id-micro.de\/it\/wp-json\/wp\/v2\/media?parent=1719"}],"curies":[{"name":"wp","href":"https:\/\/api.w.org\/{rel}","templated":true}]}}