{"id":1691,"date":"2023-01-09T15:49:02","date_gmt":"2023-01-09T15:49:02","guid":{"rendered":"https:\/\/id-micro.de\/protection-des-donnees\/"},"modified":"2023-04-26T07:34:37","modified_gmt":"2023-04-26T07:34:37","slug":"protection-des-donnees","status":"publish","type":"page","link":"https:\/\/id-micro.de\/fr\/protection-des-donnees\/","title":{"rendered":"Protection des donn\u00e9es"},"content":{"rendered":"\t\t<div data-elementor-type=\"wp-page\" data-elementor-id=\"1691\" class=\"elementor elementor-1691 elementor-758\" data-elementor-post-type=\"page\">\n\t\t\t\t\t\t<section class=\"elementor-section elementor-top-section elementor-element elementor-element-3f3070e elementor-section-boxed elementor-section-height-default elementor-section-height-default\" data-id=\"3f3070e\" data-element_type=\"section\" data-e-type=\"section\">\n\t\t\t\t\t\t<div class=\"elementor-container elementor-column-gap-default\">\n\t\t\t\t\t<div class=\"elementor-column elementor-col-100 elementor-top-column elementor-element elementor-element-492ad24\" data-id=\"492ad24\" data-element_type=\"column\" data-e-type=\"column\">\n\t\t\t<div class=\"elementor-widget-wrap elementor-element-populated\">\n\t\t\t\t\t\t<div class=\"elementor-element elementor-element-60d9620 elementor-widget elementor-widget-heading\" data-id=\"60d9620\" data-element_type=\"widget\" data-e-type=\"widget\" data-widget_type=\"heading.default\">\n\t\t\t\t<div class=\"elementor-widget-container\">\n\t\t\t\t\t<h2 class=\"elementor-heading-title elementor-size-default\">D\u00e9claration de confidentialit\u00e9<\/h2>\t\t\t\t<\/div>\n\t\t\t\t<\/div>\n\t\t\t\t<div class=\"elementor-element elementor-element-bf33e25 elementor-widget elementor-widget-text-editor\" data-id=\"bf33e25\" data-element_type=\"widget\" data-e-type=\"widget\" data-widget_type=\"text-editor.default\">\n\t\t\t\t<div class=\"elementor-widget-container\">\n\t\t\t\t\t\t\t\t\t<div>\n<div>\n<p>La protection de votre vie priv\u00e9e lors de l&rsquo;utilisation de notre site web est importante pour nous. En tant qu&rsquo;exploitant de ce site Internet, ID Microelektronik &amp; Me\u00dftechnik GmbH souhaite vous informer ci-apr\u00e8s des donn\u00e9es collect\u00e9es, transmises et enregistr\u00e9es lors de la visite de www.id-micro.de.<\/p>\n<p>Nous vous invitons donc \u00e0 prendre connaissance des informations ci-dessous:<\/p>\n<p><strong>Liens vers d&rsquo;autres sites web<\/strong><\/p>\n<p>L&rsquo;offre en ligne contient des liens vers d&rsquo;autres sites web (appel\u00e9s liens externes). Nous n&rsquo;avons aucune influence sur le respect des dispositions relatives \u00e0 la protection des donn\u00e9es par les exploitants d&rsquo;autres sites web.<\/p>\n<p>En tant que fournisseur, ID Microelektronik &amp; Me\u00dftechnik GmbH est responsable de ses propres contenus conform\u00e9ment \u00e0 la l\u00e9gislation g\u00e9n\u00e9rale. Il convient de distinguer, dans certaines circonstances, ces contenus propres des \u00ab\u00a0liens\u00a0\u00bb vers les contenus mis \u00e0 disposition par d&rsquo;autres fournisseurs. ID Microelektronik &amp; Me\u00dftechnik GmbH n&rsquo;assume aucune responsabilit\u00e9 pour les contenus \u00e9trangers mis \u00e0 disposition par le biais de liens et signal\u00e9s comme tels, et ne s&rsquo;approprie pas leur contenu. Seul le fournisseur du site web auquel il est fait r\u00e9f\u00e9rence est responsable des contenus ill\u00e9gaux, erron\u00e9s ou incomplets ainsi que des dommages r\u00e9sultant de l&rsquo;utilisation ou de la non-utilisation des informations. La r\u00e9daction n&rsquo;est responsable des renvois externes que si elle en a une connaissance positive, c&rsquo;est-\u00e0-dire \u00e9galement d&rsquo;un contenu \u00e9ventuellement ill\u00e9gal ou r\u00e9pr\u00e9hensible, et s&rsquo;il est techniquement possible et raisonnable d&rsquo;en emp\u00eacher l&rsquo;utilisation.<\/p>\n<p><strong>Droit de recours aupr\u00e8s de l&rsquo;autorit\u00e9 de surveillance<\/strong><br \/>Tout utilisateur peut d\u00e9poser une plainte aupr\u00e8s de l&rsquo;autorit\u00e9 de contr\u00f4le comp\u00e9tente conform\u00e9ment \u00e0 l&rsquo;article 77 du RGPD s&rsquo;il estime que le traitement de ses donn\u00e9es personnelles est ill\u00e9gal.<\/p>\n<p>L&rsquo;autorit\u00e9 de surveillance comp\u00e9tente est:<br \/>Landesbeauftragte\/r f\u00fcr den Datenschutz Niedersachsen<br \/>E-Mail: <a title=\"Opens window for sending email\" href=\"mailto:poststelle@lfd.niedersachsen.de\"><u>poststelle@lfd.niedersachsen.de<\/u><\/a><\/p>\n<p><strong>Modification des informations sur la protection des donn\u00e9es<\/strong><br \/>ID Microelektronik &amp; Me\u00dftechnik GmbH se r\u00e9serve le droit d&rsquo;actualiser les pr\u00e9sentes informations sur la protection des donn\u00e9es. En cas de modifications qui pourraient vous \u00eatre pr\u00e9judiciables, ID Microelektronik &amp; Me\u00dftechnik GmbH vous en informera en temps utile.<\/p>\n<p><strong>D\u00e9l\u00e9gu\u00e9 \u00e0 la protection des donn\u00e9es de ID Microelektronik &amp; Me\u00dftechnik GmbH<\/strong><br \/>Si vous avez d&rsquo;autres questions sur le th\u00e8me \u00ab\u00a0Protection des donn\u00e9es chez ID Microelektronik\u00a0\u00bb, vous pouvez envoyer \u00e0 tout moment des renseignements sur vos donn\u00e9es et volontiers aussi des suggestions par e-mail \u00e0 l&rsquo;adresse suivante :<\/p>\n<p>E-Mail: <a href=\"mailto:datenschutz@id-micro.de\"><u>datenschutz@id-micro.de<\/u><\/a><\/p>\n<\/div>\n<\/div>\n\t\t\t\t\t\t\t\t<\/div>\n\t\t\t\t<\/div>\n\t\t\t\t\t<\/div>\n\t\t<\/div>\n\t\t\t\t\t<\/div>\n\t\t<\/section>\n\t\t\t\t<\/div>\n\t\t","protected":false},"excerpt":{"rendered":"<p>D\u00e9claration de confidentialit\u00e9 La protection de votre vie priv\u00e9e lors de l&rsquo;utilisation de notre site web est importante pour nous. En tant qu&rsquo;exploitant de ce site Internet, ID Microelektronik &amp; Me\u00dftechnik GmbH souhaite vous informer ci-apr\u00e8s des donn\u00e9es collect\u00e9es, transmises et enregistr\u00e9es lors de la visite de www.id-micro.de. Nous vous invitons donc \u00e0 prendre connaissance [&hellip;]<\/p>\n","protected":false},"author":1,"featured_media":0,"parent":0,"menu_order":0,"comment_status":"closed","ping_status":"closed","template":"","meta":{"footnotes":""},"class_list":["post-1691","page","type-page","status-publish","hentry"],"yoast_head":"<!-- This site is optimized with the Yoast SEO plugin v26.8 - https:\/\/yoast.com\/product\/yoast-seo-wordpress\/ -->\n<title>Protection des donn\u00e9es - ID Microelektronik &amp; Me\u00dftechnik<\/title>\n<meta name=\"description\" content=\"Elektronik \u00e0 la carte - Ma\u00dfgeschneiderte Entwicklung und Fertigung von Elektronik und Me\u00dftechnik. Reparaturen eigener Elektronik f\u00fcr Welger, Lely, Deutz Fahr, Claas, ...\" \/>\n<meta name=\"robots\" content=\"index, follow, max-snippet:-1, max-image-preview:large, max-video-preview:-1\" \/>\n<link rel=\"canonical\" href=\"https:\/\/id-micro.de\/fr\/protection-des-donnees\/\" \/>\n<meta property=\"og:locale\" content=\"fr_FR\" \/>\n<meta property=\"og:type\" content=\"article\" \/>\n<meta property=\"og:title\" content=\"Protection des donn\u00e9es - ID Microelektronik &amp; Me\u00dftechnik\" \/>\n<meta property=\"og:description\" content=\"Elektronik \u00e0 la carte - Ma\u00dfgeschneiderte Entwicklung und Fertigung von Elektronik und Me\u00dftechnik. Reparaturen eigener Elektronik f\u00fcr Welger, Lely, Deutz Fahr, Claas, ...\" \/>\n<meta property=\"og:url\" content=\"https:\/\/id-micro.de\/fr\/protection-des-donnees\/\" \/>\n<meta property=\"og:site_name\" content=\"ID Microelektronik &amp; Me\u00dftechnik\" \/>\n<meta property=\"article:modified_time\" content=\"2023-04-26T07:34:37+00:00\" \/>\n<meta name=\"twitter:card\" content=\"summary_large_image\" \/>\n<meta name=\"twitter:label1\" content=\"Dur\u00e9e de lecture estim\u00e9e\" \/>\n\t<meta name=\"twitter:data1\" content=\"2 minutes\" \/>\n<script type=\"application\/ld+json\" class=\"yoast-schema-graph\">{\"@context\":\"https:\/\/schema.org\",\"@graph\":[{\"@type\":\"WebPage\",\"@id\":\"https:\/\/id-micro.de\/fr\/protection-des-donnees\/\",\"url\":\"https:\/\/id-micro.de\/fr\/protection-des-donnees\/\",\"name\":\"Protection des donn\u00e9es - ID Microelektronik &amp; Me\u00dftechnik\",\"isPartOf\":{\"@id\":\"https:\/\/id-micro.de\/fr\/#website\"},\"datePublished\":\"2023-01-09T15:49:02+00:00\",\"dateModified\":\"2023-04-26T07:34:37+00:00\",\"description\":\"Elektronik \u00e0 la carte - Ma\u00dfgeschneiderte Entwicklung und Fertigung von Elektronik und Me\u00dftechnik. Reparaturen eigener Elektronik f\u00fcr Welger, Lely, Deutz Fahr, Claas, ...\",\"breadcrumb\":{\"@id\":\"https:\/\/id-micro.de\/fr\/protection-des-donnees\/#breadcrumb\"},\"inLanguage\":\"fr-FR\",\"potentialAction\":[{\"@type\":\"ReadAction\",\"target\":[\"https:\/\/id-micro.de\/fr\/protection-des-donnees\/\"]}]},{\"@type\":\"BreadcrumbList\",\"@id\":\"https:\/\/id-micro.de\/fr\/protection-des-donnees\/#breadcrumb\",\"itemListElement\":[{\"@type\":\"ListItem\",\"position\":1,\"name\":\"Startseite\",\"item\":\"https:\/\/id-micro.de\/fr\/accueil\/\"},{\"@type\":\"ListItem\",\"position\":2,\"name\":\"Protection des donn\u00e9es\"}]},{\"@type\":\"WebSite\",\"@id\":\"https:\/\/id-micro.de\/fr\/#website\",\"url\":\"https:\/\/id-micro.de\/fr\/\",\"name\":\"ID Microelektronik & Me\u00dftechnik\",\"description\":\"Elektronik \u00e0 la carte\",\"publisher\":{\"@id\":\"https:\/\/id-micro.de\/fr\/#organization\"},\"potentialAction\":[{\"@type\":\"SearchAction\",\"target\":{\"@type\":\"EntryPoint\",\"urlTemplate\":\"https:\/\/id-micro.de\/fr\/?s={search_term_string}\"},\"query-input\":{\"@type\":\"PropertyValueSpecification\",\"valueRequired\":true,\"valueName\":\"search_term_string\"}}],\"inLanguage\":\"fr-FR\"},{\"@type\":\"Organization\",\"@id\":\"https:\/\/id-micro.de\/fr\/#organization\",\"name\":\"ID Microelektronik & Me\u00dftechnik GmbH\",\"url\":\"https:\/\/id-micro.de\/fr\/\",\"logo\":{\"@type\":\"ImageObject\",\"inLanguage\":\"fr-FR\",\"@id\":\"https:\/\/id-micro.de\/fr\/#\/schema\/logo\/image\/\",\"url\":\"https:\/\/id-micro.de\/wp-content\/uploads\/2022\/12\/ID-Logo_freigestellt.png\",\"contentUrl\":\"https:\/\/id-micro.de\/wp-content\/uploads\/2022\/12\/ID-Logo_freigestellt.png\",\"width\":1920,\"height\":361,\"caption\":\"ID Microelektronik & Me\u00dftechnik GmbH\"},\"image\":{\"@id\":\"https:\/\/id-micro.de\/fr\/#\/schema\/logo\/image\/\"}}]}<\/script>\n<!-- \/ Yoast SEO plugin. -->","yoast_head_json":{"title":"Protection des donn\u00e9es - ID Microelektronik &amp; Me\u00dftechnik","description":"Elektronik \u00e0 la carte - Ma\u00dfgeschneiderte Entwicklung und Fertigung von Elektronik und Me\u00dftechnik. Reparaturen eigener Elektronik f\u00fcr Welger, Lely, Deutz Fahr, Claas, ...","robots":{"index":"index","follow":"follow","max-snippet":"max-snippet:-1","max-image-preview":"max-image-preview:large","max-video-preview":"max-video-preview:-1"},"canonical":"https:\/\/id-micro.de\/fr\/protection-des-donnees\/","og_locale":"fr_FR","og_type":"article","og_title":"Protection des donn\u00e9es - ID Microelektronik &amp; Me\u00dftechnik","og_description":"Elektronik \u00e0 la carte - Ma\u00dfgeschneiderte Entwicklung und Fertigung von Elektronik und Me\u00dftechnik. Reparaturen eigener Elektronik f\u00fcr Welger, Lely, Deutz Fahr, Claas, ...","og_url":"https:\/\/id-micro.de\/fr\/protection-des-donnees\/","og_site_name":"ID Microelektronik &amp; Me\u00dftechnik","article_modified_time":"2023-04-26T07:34:37+00:00","twitter_card":"summary_large_image","twitter_misc":{"Dur\u00e9e de lecture estim\u00e9e":"2 minutes"},"schema":{"@context":"https:\/\/schema.org","@graph":[{"@type":"WebPage","@id":"https:\/\/id-micro.de\/fr\/protection-des-donnees\/","url":"https:\/\/id-micro.de\/fr\/protection-des-donnees\/","name":"Protection des donn\u00e9es - ID Microelektronik &amp; Me\u00dftechnik","isPartOf":{"@id":"https:\/\/id-micro.de\/fr\/#website"},"datePublished":"2023-01-09T15:49:02+00:00","dateModified":"2023-04-26T07:34:37+00:00","description":"Elektronik \u00e0 la carte - Ma\u00dfgeschneiderte Entwicklung und Fertigung von Elektronik und Me\u00dftechnik. Reparaturen eigener Elektronik f\u00fcr Welger, Lely, Deutz Fahr, Claas, ...","breadcrumb":{"@id":"https:\/\/id-micro.de\/fr\/protection-des-donnees\/#breadcrumb"},"inLanguage":"fr-FR","potentialAction":[{"@type":"ReadAction","target":["https:\/\/id-micro.de\/fr\/protection-des-donnees\/"]}]},{"@type":"BreadcrumbList","@id":"https:\/\/id-micro.de\/fr\/protection-des-donnees\/#breadcrumb","itemListElement":[{"@type":"ListItem","position":1,"name":"Startseite","item":"https:\/\/id-micro.de\/fr\/accueil\/"},{"@type":"ListItem","position":2,"name":"Protection des donn\u00e9es"}]},{"@type":"WebSite","@id":"https:\/\/id-micro.de\/fr\/#website","url":"https:\/\/id-micro.de\/fr\/","name":"ID Microelektronik & Me\u00dftechnik","description":"Elektronik \u00e0 la carte","publisher":{"@id":"https:\/\/id-micro.de\/fr\/#organization"},"potentialAction":[{"@type":"SearchAction","target":{"@type":"EntryPoint","urlTemplate":"https:\/\/id-micro.de\/fr\/?s={search_term_string}"},"query-input":{"@type":"PropertyValueSpecification","valueRequired":true,"valueName":"search_term_string"}}],"inLanguage":"fr-FR"},{"@type":"Organization","@id":"https:\/\/id-micro.de\/fr\/#organization","name":"ID Microelektronik & Me\u00dftechnik GmbH","url":"https:\/\/id-micro.de\/fr\/","logo":{"@type":"ImageObject","inLanguage":"fr-FR","@id":"https:\/\/id-micro.de\/fr\/#\/schema\/logo\/image\/","url":"https:\/\/id-micro.de\/wp-content\/uploads\/2022\/12\/ID-Logo_freigestellt.png","contentUrl":"https:\/\/id-micro.de\/wp-content\/uploads\/2022\/12\/ID-Logo_freigestellt.png","width":1920,"height":361,"caption":"ID Microelektronik & Me\u00dftechnik GmbH"},"image":{"@id":"https:\/\/id-micro.de\/fr\/#\/schema\/logo\/image\/"}}]}},"_links":{"self":[{"href":"https:\/\/id-micro.de\/fr\/wp-json\/wp\/v2\/pages\/1691","targetHints":{"allow":["GET"]}}],"collection":[{"href":"https:\/\/id-micro.de\/fr\/wp-json\/wp\/v2\/pages"}],"about":[{"href":"https:\/\/id-micro.de\/fr\/wp-json\/wp\/v2\/types\/page"}],"author":[{"embeddable":true,"href":"https:\/\/id-micro.de\/fr\/wp-json\/wp\/v2\/users\/1"}],"replies":[{"embeddable":true,"href":"https:\/\/id-micro.de\/fr\/wp-json\/wp\/v2\/comments?post=1691"}],"version-history":[{"count":1,"href":"https:\/\/id-micro.de\/fr\/wp-json\/wp\/v2\/pages\/1691\/revisions"}],"predecessor-version":[{"id":1692,"href":"https:\/\/id-micro.de\/fr\/wp-json\/wp\/v2\/pages\/1691\/revisions\/1692"}],"wp:attachment":[{"href":"https:\/\/id-micro.de\/fr\/wp-json\/wp\/v2\/media?parent=1691"}],"curies":[{"name":"wp","href":"https:\/\/api.w.org\/{rel}","templated":true}]}}