{"id":1687,"date":"2022-12-19T15:18:03","date_gmt":"2022-12-19T15:18:03","guid":{"rendered":"https:\/\/id-micro.de\/accueil\/"},"modified":"2023-04-26T07:16:35","modified_gmt":"2023-04-26T07:16:35","slug":"accueil","status":"publish","type":"page","link":"https:\/\/id-micro.de\/fr\/","title":{"rendered":"Accueil"},"content":{"rendered":"\t\t<div data-elementor-type=\"wp-post\" data-elementor-id=\"1687\" class=\"elementor elementor-1687 elementor-7\" data-elementor-post-type=\"page\">\n\t\t\t\t\t\t<section class=\"elementor-section elementor-top-section elementor-element elementor-element-96736da elementor-section-height-min-height elementor-section-boxed elementor-section-height-default elementor-section-items-middle\" data-id=\"96736da\" data-element_type=\"section\" data-e-type=\"section\">\n\t\t\t\t\t\t<div class=\"elementor-container elementor-column-gap-default\">\n\t\t\t\t\t<div class=\"elementor-column elementor-col-100 elementor-top-column elementor-element elementor-element-4a0dcb7\" data-id=\"4a0dcb7\" data-element_type=\"column\" data-e-type=\"column\">\n\t\t\t<div class=\"elementor-widget-wrap elementor-element-populated\">\n\t\t\t\t\t\t<div class=\"elementor-element elementor-element-3b5527b elementor-widget elementor-widget-image\" data-id=\"3b5527b\" data-element_type=\"widget\" data-e-type=\"widget\" data-widget_type=\"image.default\">\n\t\t\t\t<div class=\"elementor-widget-container\">\n\t\t\t\t\t\t\t\t\t\t\t\t\t\t\t<img decoding=\"async\" src=\"https:\/\/id-micro.de\/wp-content\/uploads\/elementor\/thumbs\/Startseite-q14kapfuiv44cwi0z4k6ml5tym0pbzwvtp83sk87zk.png\" title=\"Startseite\" alt=\"Startseite\" loading=\"lazy\" \/>\t\t\t\t\t\t\t\t\t\t\t\t\t\t\t<\/div>\n\t\t\t\t<\/div>\n\t\t\t\t<div class=\"elementor-element elementor-element-16d84ea elementor-widget elementor-widget-text-editor\" data-id=\"16d84ea\" data-element_type=\"widget\" data-e-type=\"widget\" data-widget_type=\"text-editor.default\">\n\t\t\t\t<div class=\"elementor-widget-container\">\n\t\t\t\t\t\t\t\t\t<p style=\"text-align: center;\">Depuis plus de 30 ans, nous d\u00e9veloppons et fabriquons de l&rsquo;\u00e9lectronique pour les domaines d&rsquo;application les plus divers. Que ce soit pour la technique agricole, la technique des centrales \u00e9lectriques, l&rsquo;aviation ou la gestion des d\u00e9chets, nos produits sont d\u00e9velopp\u00e9s sur mesure pour leurs t\u00e2ches et r\u00e9pondent ainsi efficacement \u00e0 leurs exigences &#8211; c&rsquo;est-\u00e0-dire l&rsquo;\u00e9lectronique \u00e0 la carte!<\/p>\n\t\t\t\t\t\t\t\t<\/div>\n\t\t\t\t<\/div>\n\t\t\t\t\t<\/div>\n\t\t<\/div>\n\t\t\t\t\t<\/div>\n\t\t<\/section>\n\t\t\t\t<section class=\"elementor-section elementor-top-section elementor-element elementor-element-a0095ce elementor-section-boxed elementor-section-height-default elementor-section-height-default\" data-id=\"a0095ce\" data-element_type=\"section\" data-e-type=\"section\">\n\t\t\t\t\t\t<div class=\"elementor-container elementor-column-gap-default\">\n\t\t\t\t\t<div class=\"elementor-column elementor-col-33 elementor-top-column elementor-element elementor-element-ac3ef5e\" data-id=\"ac3ef5e\" data-element_type=\"column\" data-e-type=\"column\">\n\t\t\t<div class=\"elementor-widget-wrap elementor-element-populated\">\n\t\t\t\t\t\t<div class=\"elementor-element elementor-element-93b78e1 elementor-cta--valign-top elementor-cta--skin-classic elementor-animated-content elementor-bg-transform elementor-bg-transform-zoom-in elementor-widget elementor-widget-call-to-action\" data-id=\"93b78e1\" data-element_type=\"widget\" data-e-type=\"widget\" data-widget_type=\"call-to-action.default\">\n\t\t\t\t<div class=\"elementor-widget-container\">\n\t\t\t\t\t\t\t<div class=\"elementor-cta\">\n\t\t\t\t\t<div class=\"elementor-cta__bg-wrapper\">\n\t\t\t\t<div class=\"elementor-cta__bg elementor-bg\" style=\"background-image: url(https:\/\/id-micro.de\/wp-content\/uploads\/2023\/01\/BC4SG_freigestellt-768x517.png);\" role=\"img\" aria-label=\"Balercontrol 4 Steuerger\u00e4t\"><\/div>\n\t\t\t\t<div class=\"elementor-cta__bg-overlay\"><\/div>\n\t\t\t<\/div>\n\t\t\t\t\t\t\t<div class=\"elementor-cta__content\">\n\t\t\t\t\n\t\t\t\t\t\t\t\t\t<h2 class=\"elementor-cta__title elementor-cta__content-item elementor-content-item\">\n\t\t\t\t\t\tProduits\t\t\t\t\t<\/h2>\n\t\t\t\t\n\t\t\t\t\t\t\t\t\t<div class=\"elementor-cta__description elementor-cta__content-item elementor-content-item\">\n\t\t\t\t\t\t<p>Votre unit\u00e9 de contr\u00f4le ou votre unit\u00e9 de commande n'aurait-elle pas sa place ici? Un aper\u00e7u de notre famille de produits actuelle est \u00e0 port\u00e9e de clic!<\/p>\n\t\t\t\t\t<\/div>\n\t\t\t\t\n\t\t\t\t\t\t\t\t\t<div class=\"elementor-cta__button-wrapper elementor-cta__content-item elementor-content-item \">\n\t\t\t\t\t<a class=\"elementor-cta__button elementor-button elementor-size-\" href=\"http:\/\/test.id-micro.de\/produkte\/\">\n\t\t\t\t\t\tClic!\t\t\t\t\t<\/a>\n\t\t\t\t\t<\/div>\n\t\t\t\t\t\t\t<\/div>\n\t\t\t\t\t\t<\/div>\n\t\t\t\t\t\t<\/div>\n\t\t\t\t<\/div>\n\t\t\t\t\t<\/div>\n\t\t<\/div>\n\t\t\t\t<div class=\"elementor-column elementor-col-33 elementor-top-column elementor-element elementor-element-ea78eed\" data-id=\"ea78eed\" data-element_type=\"column\" data-e-type=\"column\">\n\t\t\t<div class=\"elementor-widget-wrap elementor-element-populated\">\n\t\t\t\t\t\t<div class=\"elementor-element elementor-element-316a83f elementor-cta--valign-top elementor-cta--skin-classic elementor-animated-content elementor-bg-transform elementor-bg-transform-zoom-in elementor-widget elementor-widget-call-to-action\" data-id=\"316a83f\" data-element_type=\"widget\" data-e-type=\"widget\" data-widget_type=\"call-to-action.default\">\n\t\t\t\t<div class=\"elementor-widget-container\">\n\t\t\t\t\t\t\t<div class=\"elementor-cta\">\n\t\t\t\t\t<div class=\"elementor-cta__bg-wrapper\">\n\t\t\t\t<div class=\"elementor-cta__bg elementor-bg\" style=\"background-image: url(https:\/\/id-micro.de\/wp-content\/uploads\/2022\/12\/ATMOS3-768x416.jpg);\" role=\"img\" aria-label=\"ATMOS3\"><\/div>\n\t\t\t\t<div class=\"elementor-cta__bg-overlay\"><\/div>\n\t\t\t<\/div>\n\t\t\t\t\t\t\t<div class=\"elementor-cta__content\">\n\t\t\t\t\n\t\t\t\t\t\t\t\t\t<h2 class=\"elementor-cta__title elementor-cta__content-item elementor-content-item\">\n\t\t\t\t\t\tPrestations \t\t\t\t\t<\/h2>\n\t\t\t\t\n\t\t\t\t\t\t\t\t\t<div class=\"elementor-cta__description elementor-cta__content-item elementor-content-item\">\n\t\t\t\t\t\t<p>Un peu plus?<br \/>\nQu'il s'agisse de d\u00e9veloppement, de fabrication, de conseil ou de tout cela \u00e0 la fois : Vous trouverez certainement ce que vous cherchez ici!<\/p>\n\t\t\t\t\t<\/div>\n\t\t\t\t\n\t\t\t\t\t\t\t\t\t<div class=\"elementor-cta__button-wrapper elementor-cta__content-item elementor-content-item \">\n\t\t\t\t\t<a class=\"elementor-cta__button elementor-button elementor-size-\" href=\"http:\/\/test.id-micro.de\/service\/\">\n\t\t\t\t\t\tClic!\t\t\t\t\t<\/a>\n\t\t\t\t\t<\/div>\n\t\t\t\t\t\t\t<\/div>\n\t\t\t\t\t\t<\/div>\n\t\t\t\t\t\t<\/div>\n\t\t\t\t<\/div>\n\t\t\t\t\t<\/div>\n\t\t<\/div>\n\t\t\t\t<div class=\"elementor-column elementor-col-33 elementor-top-column elementor-element elementor-element-9a9fb0a\" data-id=\"9a9fb0a\" data-element_type=\"column\" data-e-type=\"column\">\n\t\t\t<div class=\"elementor-widget-wrap elementor-element-populated\">\n\t\t\t\t\t\t<div class=\"elementor-element elementor-element-64e2c64 elementor-cta--valign-top elementor-cta--skin-classic elementor-animated-content elementor-bg-transform elementor-bg-transform-zoom-in elementor-widget elementor-widget-call-to-action\" data-id=\"64e2c64\" data-element_type=\"widget\" data-e-type=\"widget\" data-widget_type=\"call-to-action.default\">\n\t\t\t\t<div class=\"elementor-widget-container\">\n\t\t\t\t\t\t\t<div class=\"elementor-cta\">\n\t\t\t\t\t<div class=\"elementor-cta__bg-wrapper\">\n\t\t\t\t<div class=\"elementor-cta__bg elementor-bg\" style=\"background-image: url(https:\/\/id-micro.de\/wp-content\/uploads\/2023\/01\/Kabelbaum_freigestellt-768x512.png);\" role=\"img\" aria-label=\"Kabelbaum_freigestellt\"><\/div>\n\t\t\t\t<div class=\"elementor-cta__bg-overlay\"><\/div>\n\t\t\t<\/div>\n\t\t\t\t\t\t\t<div class=\"elementor-cta__content\">\n\t\t\t\t\n\t\t\t\t\t\t\t\t\t<h2 class=\"elementor-cta__title elementor-cta__content-item elementor-content-item\">\n\t\t\t\t\t\t\u00c0 propos de nous\t\t\t\t\t<\/h2>\n\t\t\t\t\n\t\t\t\t\t\t\t\t\t<div class=\"elementor-cta__description elementor-cta__content-item elementor-content-item\">\n\t\t\t\t\t\t<p>ID Microelektronik &amp; Me\u00dftechnik GmbH est une entreprise qui a plus de 30 ans d'exp\u00e9rience dans le d\u00e9veloppement et la fabrication de solutions sp\u00e9ciales pour les applications les plus diverses. Derri\u00e8re le prochain clic, vous pourrez faire plus ample connaissance avec nous!<\/p>\n\t\t\t\t\t<\/div>\n\t\t\t\t\n\t\t\t\t\t\t\t\t\t<div class=\"elementor-cta__button-wrapper elementor-cta__content-item elementor-content-item \">\n\t\t\t\t\t<a class=\"elementor-cta__button elementor-button elementor-size-\" href=\"http:\/\/test.id-micro.de\/ueber-uns\/\">\n\t\t\t\t\t\tClic!\t\t\t\t\t<\/a>\n\t\t\t\t\t<\/div>\n\t\t\t\t\t\t\t<\/div>\n\t\t\t\t\t\t<\/div>\n\t\t\t\t\t\t<\/div>\n\t\t\t\t<\/div>\n\t\t\t\t\t<\/div>\n\t\t<\/div>\n\t\t\t\t\t<\/div>\n\t\t<\/section>\n\t\t\t\t<\/div>\n\t\t","protected":false},"excerpt":{"rendered":"<p>Depuis plus de 30 ans, nous d\u00e9veloppons et fabriquons de l&rsquo;\u00e9lectronique pour les domaines d&rsquo;application les plus divers. Que ce soit pour la technique agricole, la technique des centrales \u00e9lectriques, l&rsquo;aviation ou la gestion des d\u00e9chets, nos produits sont d\u00e9velopp\u00e9s sur mesure pour leurs t\u00e2ches et r\u00e9pondent ainsi efficacement \u00e0 leurs exigences &#8211; c&rsquo;est-\u00e0-dire l&rsquo;\u00e9lectronique [&hellip;]<\/p>\n","protected":false},"author":1,"featured_media":0,"parent":0,"menu_order":0,"comment_status":"closed","ping_status":"closed","template":"","meta":{"footnotes":""},"class_list":["post-1687","page","type-page","status-publish","hentry"],"yoast_head":"<!-- This site is optimized with the Yoast SEO plugin v26.8 - https:\/\/yoast.com\/product\/yoast-seo-wordpress\/ -->\n<title>Accueil - ID Microelektronik &amp; Me\u00dftechnik<\/title>\n<meta name=\"description\" content=\"Electronique \u00e0 la carte - D\u00e9veloppement et fabrication sur mesure d&#039;\u00e9lectronique et de technique de mesure. R\u00e9parations de notre propre \u00e9lectronique pour Welger, Lely, Deutz Fahr, Claas, ...\" \/>\n<meta name=\"robots\" content=\"index, follow, max-snippet:-1, max-image-preview:large, max-video-preview:-1\" \/>\n<link rel=\"canonical\" href=\"https:\/\/id-micro.de\/fr\/\" \/>\n<meta property=\"og:locale\" content=\"fr_FR\" \/>\n<meta property=\"og:type\" content=\"article\" \/>\n<meta property=\"og:title\" content=\"Accueil - ID Microelektronik &amp; Me\u00dftechnik\" \/>\n<meta property=\"og:description\" content=\"Electronique \u00e0 la carte - D\u00e9veloppement et fabrication sur mesure d&#039;\u00e9lectronique et de technique de mesure. R\u00e9parations de notre propre \u00e9lectronique pour Welger, Lely, Deutz Fahr, Claas, ...\" \/>\n<meta property=\"og:url\" content=\"https:\/\/id-micro.de\/fr\/\" \/>\n<meta property=\"og:site_name\" content=\"ID Microelektronik &amp; Me\u00dftechnik\" \/>\n<meta property=\"article:modified_time\" content=\"2023-04-26T07:16:35+00:00\" \/>\n<meta property=\"og:image\" content=\"https:\/\/id-micro.de\/wp-content\/uploads\/elementor\/thumbs\/Startseite-q14kapfuiv44cwi0z4k6ml5tym0pbzwvtp83sk87zk.png\" \/>\n<meta name=\"twitter:card\" content=\"summary_large_image\" \/>\n<meta name=\"twitter:label1\" content=\"Dur\u00e9e de lecture estim\u00e9e\" \/>\n\t<meta name=\"twitter:data1\" content=\"1 minute\" \/>\n<script type=\"application\/ld+json\" class=\"yoast-schema-graph\">{\"@context\":\"https:\/\/schema.org\",\"@graph\":[{\"@type\":\"WebPage\",\"@id\":\"https:\/\/id-micro.de\/fr\/\",\"url\":\"https:\/\/id-micro.de\/fr\/\",\"name\":\"Accueil - ID Microelektronik &amp; Me\u00dftechnik\",\"isPartOf\":{\"@id\":\"https:\/\/id-micro.de\/fr\/#website\"},\"primaryImageOfPage\":{\"@id\":\"https:\/\/id-micro.de\/fr\/#primaryimage\"},\"image\":{\"@id\":\"https:\/\/id-micro.de\/fr\/#primaryimage\"},\"thumbnailUrl\":\"https:\/\/id-micro.de\/wp-content\/uploads\/elementor\/thumbs\/Startseite-q14kapfuiv44cwi0z4k6ml5tym0pbzwvtp83sk87zk.png\",\"datePublished\":\"2022-12-19T15:18:03+00:00\",\"dateModified\":\"2023-04-26T07:16:35+00:00\",\"description\":\"Electronique \u00e0 la carte - D\u00e9veloppement et fabrication sur mesure d'\u00e9lectronique et de technique de mesure. R\u00e9parations de notre propre \u00e9lectronique pour Welger, Lely, Deutz Fahr, Claas, ...\",\"breadcrumb\":{\"@id\":\"https:\/\/id-micro.de\/fr\/#breadcrumb\"},\"inLanguage\":\"fr-FR\",\"potentialAction\":[{\"@type\":\"ReadAction\",\"target\":[\"https:\/\/id-micro.de\/fr\/\"]}]},{\"@type\":\"ImageObject\",\"inLanguage\":\"fr-FR\",\"@id\":\"https:\/\/id-micro.de\/fr\/#primaryimage\",\"url\":\"https:\/\/id-micro.de\/wp-content\/uploads\/elementor\/thumbs\/Startseite-q14kapfuiv44cwi0z4k6ml5tym0pbzwvtp83sk87zk.png\",\"contentUrl\":\"https:\/\/id-micro.de\/wp-content\/uploads\/elementor\/thumbs\/Startseite-q14kapfuiv44cwi0z4k6ml5tym0pbzwvtp83sk87zk.png\"},{\"@type\":\"BreadcrumbList\",\"@id\":\"https:\/\/id-micro.de\/fr\/#breadcrumb\",\"itemListElement\":[{\"@type\":\"ListItem\",\"position\":1,\"name\":\"Startseite\",\"item\":\"https:\/\/id-micro.de\/fr\/accueil\/\"},{\"@type\":\"ListItem\",\"position\":2,\"name\":\"Accueil\"}]},{\"@type\":\"WebSite\",\"@id\":\"https:\/\/id-micro.de\/fr\/#website\",\"url\":\"https:\/\/id-micro.de\/fr\/\",\"name\":\"ID Microelektronik & Me\u00dftechnik\",\"description\":\"Elektronik \u00e0 la carte\",\"publisher\":{\"@id\":\"https:\/\/id-micro.de\/fr\/#organization\"},\"potentialAction\":[{\"@type\":\"SearchAction\",\"target\":{\"@type\":\"EntryPoint\",\"urlTemplate\":\"https:\/\/id-micro.de\/fr\/?s={search_term_string}\"},\"query-input\":{\"@type\":\"PropertyValueSpecification\",\"valueRequired\":true,\"valueName\":\"search_term_string\"}}],\"inLanguage\":\"fr-FR\"},{\"@type\":\"Organization\",\"@id\":\"https:\/\/id-micro.de\/fr\/#organization\",\"name\":\"ID Microelektronik & Me\u00dftechnik GmbH\",\"url\":\"https:\/\/id-micro.de\/fr\/\",\"logo\":{\"@type\":\"ImageObject\",\"inLanguage\":\"fr-FR\",\"@id\":\"https:\/\/id-micro.de\/fr\/#\/schema\/logo\/image\/\",\"url\":\"https:\/\/id-micro.de\/wp-content\/uploads\/2022\/12\/ID-Logo_freigestellt.png\",\"contentUrl\":\"https:\/\/id-micro.de\/wp-content\/uploads\/2022\/12\/ID-Logo_freigestellt.png\",\"width\":1920,\"height\":361,\"caption\":\"ID Microelektronik & Me\u00dftechnik GmbH\"},\"image\":{\"@id\":\"https:\/\/id-micro.de\/fr\/#\/schema\/logo\/image\/\"}}]}<\/script>\n<!-- \/ Yoast SEO plugin. -->","yoast_head_json":{"title":"Accueil - ID Microelektronik &amp; Me\u00dftechnik","description":"Electronique \u00e0 la carte - D\u00e9veloppement et fabrication sur mesure d'\u00e9lectronique et de technique de mesure. R\u00e9parations de notre propre \u00e9lectronique pour Welger, Lely, Deutz Fahr, Claas, ...","robots":{"index":"index","follow":"follow","max-snippet":"max-snippet:-1","max-image-preview":"max-image-preview:large","max-video-preview":"max-video-preview:-1"},"canonical":"https:\/\/id-micro.de\/fr\/","og_locale":"fr_FR","og_type":"article","og_title":"Accueil - ID Microelektronik &amp; Me\u00dftechnik","og_description":"Electronique \u00e0 la carte - D\u00e9veloppement et fabrication sur mesure d'\u00e9lectronique et de technique de mesure. R\u00e9parations de notre propre \u00e9lectronique pour Welger, Lely, Deutz Fahr, Claas, ...","og_url":"https:\/\/id-micro.de\/fr\/","og_site_name":"ID Microelektronik &amp; Me\u00dftechnik","article_modified_time":"2023-04-26T07:16:35+00:00","og_image":[{"url":"https:\/\/id-micro.de\/wp-content\/uploads\/elementor\/thumbs\/Startseite-q14kapfuiv44cwi0z4k6ml5tym0pbzwvtp83sk87zk.png","type":"","width":"","height":""}],"twitter_card":"summary_large_image","twitter_misc":{"Dur\u00e9e de lecture estim\u00e9e":"1 minute"},"schema":{"@context":"https:\/\/schema.org","@graph":[{"@type":"WebPage","@id":"https:\/\/id-micro.de\/fr\/","url":"https:\/\/id-micro.de\/fr\/","name":"Accueil - ID Microelektronik &amp; Me\u00dftechnik","isPartOf":{"@id":"https:\/\/id-micro.de\/fr\/#website"},"primaryImageOfPage":{"@id":"https:\/\/id-micro.de\/fr\/#primaryimage"},"image":{"@id":"https:\/\/id-micro.de\/fr\/#primaryimage"},"thumbnailUrl":"https:\/\/id-micro.de\/wp-content\/uploads\/elementor\/thumbs\/Startseite-q14kapfuiv44cwi0z4k6ml5tym0pbzwvtp83sk87zk.png","datePublished":"2022-12-19T15:18:03+00:00","dateModified":"2023-04-26T07:16:35+00:00","description":"Electronique \u00e0 la carte - D\u00e9veloppement et fabrication sur mesure d'\u00e9lectronique et de technique de mesure. R\u00e9parations de notre propre \u00e9lectronique pour Welger, Lely, Deutz Fahr, Claas, ...","breadcrumb":{"@id":"https:\/\/id-micro.de\/fr\/#breadcrumb"},"inLanguage":"fr-FR","potentialAction":[{"@type":"ReadAction","target":["https:\/\/id-micro.de\/fr\/"]}]},{"@type":"ImageObject","inLanguage":"fr-FR","@id":"https:\/\/id-micro.de\/fr\/#primaryimage","url":"https:\/\/id-micro.de\/wp-content\/uploads\/elementor\/thumbs\/Startseite-q14kapfuiv44cwi0z4k6ml5tym0pbzwvtp83sk87zk.png","contentUrl":"https:\/\/id-micro.de\/wp-content\/uploads\/elementor\/thumbs\/Startseite-q14kapfuiv44cwi0z4k6ml5tym0pbzwvtp83sk87zk.png"},{"@type":"BreadcrumbList","@id":"https:\/\/id-micro.de\/fr\/#breadcrumb","itemListElement":[{"@type":"ListItem","position":1,"name":"Startseite","item":"https:\/\/id-micro.de\/fr\/accueil\/"},{"@type":"ListItem","position":2,"name":"Accueil"}]},{"@type":"WebSite","@id":"https:\/\/id-micro.de\/fr\/#website","url":"https:\/\/id-micro.de\/fr\/","name":"ID Microelektronik & Me\u00dftechnik","description":"Elektronik \u00e0 la carte","publisher":{"@id":"https:\/\/id-micro.de\/fr\/#organization"},"potentialAction":[{"@type":"SearchAction","target":{"@type":"EntryPoint","urlTemplate":"https:\/\/id-micro.de\/fr\/?s={search_term_string}"},"query-input":{"@type":"PropertyValueSpecification","valueRequired":true,"valueName":"search_term_string"}}],"inLanguage":"fr-FR"},{"@type":"Organization","@id":"https:\/\/id-micro.de\/fr\/#organization","name":"ID Microelektronik & Me\u00dftechnik GmbH","url":"https:\/\/id-micro.de\/fr\/","logo":{"@type":"ImageObject","inLanguage":"fr-FR","@id":"https:\/\/id-micro.de\/fr\/#\/schema\/logo\/image\/","url":"https:\/\/id-micro.de\/wp-content\/uploads\/2022\/12\/ID-Logo_freigestellt.png","contentUrl":"https:\/\/id-micro.de\/wp-content\/uploads\/2022\/12\/ID-Logo_freigestellt.png","width":1920,"height":361,"caption":"ID Microelektronik & Me\u00dftechnik GmbH"},"image":{"@id":"https:\/\/id-micro.de\/fr\/#\/schema\/logo\/image\/"}}]}},"_links":{"self":[{"href":"https:\/\/id-micro.de\/fr\/wp-json\/wp\/v2\/pages\/1687","targetHints":{"allow":["GET"]}}],"collection":[{"href":"https:\/\/id-micro.de\/fr\/wp-json\/wp\/v2\/pages"}],"about":[{"href":"https:\/\/id-micro.de\/fr\/wp-json\/wp\/v2\/types\/page"}],"author":[{"embeddable":true,"href":"https:\/\/id-micro.de\/fr\/wp-json\/wp\/v2\/users\/1"}],"replies":[{"embeddable":true,"href":"https:\/\/id-micro.de\/fr\/wp-json\/wp\/v2\/comments?post=1687"}],"version-history":[{"count":1,"href":"https:\/\/id-micro.de\/fr\/wp-json\/wp\/v2\/pages\/1687\/revisions"}],"predecessor-version":[{"id":1688,"href":"https:\/\/id-micro.de\/fr\/wp-json\/wp\/v2\/pages\/1687\/revisions\/1688"}],"wp:attachment":[{"href":"https:\/\/id-micro.de\/fr\/wp-json\/wp\/v2\/media?parent=1687"}],"curies":[{"name":"wp","href":"https:\/\/api.w.org\/{rel}","templated":true}]}}