{"id":1783,"date":"2022-12-20T07:52:05","date_gmt":"2022-12-20T07:52:05","guid":{"rendered":"https:\/\/id-micro.de\/sobre-nosotros\/"},"modified":"2023-04-26T09:20:31","modified_gmt":"2023-04-26T09:20:31","slug":"sobre-nosotros","status":"publish","type":"page","link":"https:\/\/id-micro.de\/es\/sobre-nosotros\/","title":{"rendered":"Sobre nosotros"},"content":{"rendered":"\t\t<div data-elementor-type=\"wp-page\" data-elementor-id=\"1783\" class=\"elementor elementor-1783 elementor-27\" data-elementor-post-type=\"page\">\n\t\t\t\t\t\t<section class=\"elementor-section elementor-top-section elementor-element elementor-element-bd800b1 elementor-section-boxed elementor-section-height-default elementor-section-height-default\" data-id=\"bd800b1\" data-element_type=\"section\" data-e-type=\"section\">\n\t\t\t\t\t\t<div class=\"elementor-container elementor-column-gap-default\">\n\t\t\t\t\t<div class=\"elementor-column elementor-col-100 elementor-top-column elementor-element elementor-element-8638bc4\" data-id=\"8638bc4\" data-element_type=\"column\" data-e-type=\"column\">\n\t\t\t<div class=\"elementor-widget-wrap elementor-element-populated\">\n\t\t\t\t\t\t<div class=\"elementor-element elementor-element-895b484 elementor-widget elementor-widget-heading\" data-id=\"895b484\" data-element_type=\"widget\" data-e-type=\"widget\" data-widget_type=\"heading.default\">\n\t\t\t\t<div class=\"elementor-widget-container\">\n\t\t\t\t\t<h2 class=\"elementor-heading-title elementor-size-default\">Su socio en electr\u00f3nica a medida desde hace m\u00e1s de 30 a\u00f1os<\/h2>\t\t\t\t<\/div>\n\t\t\t\t<\/div>\n\t\t\t\t<div class=\"elementor-element elementor-element-410f3ba elementor-widget elementor-widget-text-editor\" data-id=\"410f3ba\" data-element_type=\"widget\" data-e-type=\"widget\" data-widget_type=\"text-editor.default\">\n\t\t\t\t<div class=\"elementor-widget-container\">\n\t\t\t\t\t\t\t\t\t<div class=\"ce-textpic ce-right ce-intext\">\n<div class=\"ce-bodytext\">\n<p>ID Microelektronik &amp; Me\u00dftechnik GmbH cuenta con muchos a\u00f1os de experiencia en el campo de la medici\u00f3n, el control y la regulaci\u00f3n industriales. Desde 1991, se han realizado sistemas de medici\u00f3n y control para una gran variedad de aplicaciones en la ciencia y la industria. Este saber hacer garantiza el alto nivel de calidad de nuestro trabajo.<\/p>\n<p>Nuestras actividades se centran en el desarrollo y la producci\u00f3n de circuitos, dispositivos y sistemas personalizados para aplicaciones industriales en el campo de la medici\u00f3n, el control y la regulaci\u00f3n.<\/p>\n<p>El objetivo de la empresa es una cooperaci\u00f3n de confianza y a largo plazo con nuestros clientes sobre la base de una asociaci\u00f3n.<\/p>\n<p>Utilizamos las \u00faltimas tecnolog\u00edas para ofrecer a nuestros clientes soluciones de futuro con ideas creativas. Algunos ejemplos son los sistemas descentralizados conectados en red a trav\u00e9s del bus CAN, los sistemas basados en radio que utilizan Bluetooth, los controles basados en servidores web, el uso de tecnolog\u00eda de matriz de compuertas, el uso de microprocesadores de \u00faltima generaci\u00f3n o el uso de tecnolog\u00eda SMD.<\/p>\n<p>Los desarrollos realizados hasta la fecha se utilizan en la aviaci\u00f3n, en la tecnolog\u00eda de medici\u00f3n de centrales el\u00e9ctricas o en la construcci\u00f3n de veh\u00edculos (construcci\u00f3n de veh\u00edculos especiales, tecnolog\u00eda agr\u00edcola), as\u00ed como en el control de m\u00e1quinas industriales y en el campo de la exploraci\u00f3n geof\u00edsica. M\u00e1s de 10.000 m\u00e1quinas est\u00e1n equipadas con controles, mazos de cables, dispositivos de mando y el software asociado desarrollados y fabricados por nosotros y se utilizan con \u00e9xito en todo el mundo.<\/p>\n<p>Gracias a los proyectos de desarrollo que hemos llevado a cabo hasta ahora, aportamos a los nuevos proyectos una experiencia bien fundamentada en diversas tecnolog\u00edas de microelectr\u00f3nica y medici\u00f3n.<\/p>\n<p>Esto permite elegir el enfoque de soluci\u00f3n \u00f3ptimo para su tarea, tanto desde el punto de vista t\u00e9cnico como econ\u00f3mico. Le ofrecemos la realizaci\u00f3n de proyectos de desarrollo completos (con producci\u00f3n posterior si lo desea), as\u00ed como la asunci\u00f3n de desarrollos de contratos individuales en el marco de proyectos de mayor envergadura realizados por usted.<\/p>\n<p>Gracias al uso sistem\u00e1tico de herramientas de desarrollo de \u00faltima generaci\u00f3n, le garantizamos una ejecuci\u00f3n eficaz de sus proyectos:<\/p>\n<p>CAE &#8211; Computer Aided Engineering (ingenier\u00eda asistida por ordenador) &#8211; no es s\u00f3lo una palabra de moda en nuestros d\u00edas, sino que tambi\u00e9n ofrece ventajas tangibles. Para nosotros, CAE significa utilizar ordenadores de alto rendimiento para el desarrollo de placas de circuito impreso, el dise\u00f1o de matrices de puertas, la creaci\u00f3n de dibujos t\u00e9cnicos y diagramas de circuitos, y la simulaci\u00f3n de circuitos. CAE tambi\u00e9n significa: desarrollar software para aplicaciones de microcontroladores con la ayuda de potentes herramientas CASE. Por \u00faltimo, pero no por ello menos importante, CAE significa pruebas de equipos y sistemas asistidas por ordenador para garantizar la calidad.<\/p>\n<p>Benef\u00edciese de trabajar con nosotros:<\/p>\n<ul>\n<li>PROYECTOS DE CORTA DURACI\u00d3N<\/li>\n<li>ALTA CALIDAD<\/li>\n<li>UN BREVE PLAZO DE COMERCIALIZACI\u00d3N<\/li>\n<\/ul>\n<p>Una impecable documentaci\u00f3n asistida por ordenador redondea el desarrollo y es algo natural para nosotros.<\/p>\n<p>Tambi\u00e9n podemos encargarnos de la formaci\u00f3n de sus empleados o clientes.<\/p>\n<p>La aplicaci\u00f3n espec\u00edfica de la microelectr\u00f3nica tambi\u00e9n aumenta la competitividad de su producto.<\/p>\n<p>Como socio competente, nos gustar\u00eda contribuir al \u00e9xito de su negocio.<\/p>\n<p>Esperamos encontrar la soluci\u00f3n \u00f3ptima para su tarea. Si desea hablar de su tarea en persona, ll\u00e1menos.<\/p>\n<\/div>\n<\/div>\n\t\t\t\t\t\t\t\t<\/div>\n\t\t\t\t<\/div>\n\t\t\t\t\t<\/div>\n\t\t<\/div>\n\t\t\t\t\t<\/div>\n\t\t<\/section>\n\t\t\t\t<\/div>\n\t\t","protected":false},"excerpt":{"rendered":"<p>Su socio en electr\u00f3nica a medida desde hace m\u00e1s de 30 a\u00f1os ID Microelektronik &amp; Me\u00dftechnik GmbH cuenta con muchos a\u00f1os de experiencia en el campo de la medici\u00f3n, el control y la regulaci\u00f3n industriales. Desde 1991, se han realizado sistemas de medici\u00f3n y control para una gran variedad de aplicaciones en la ciencia y [&hellip;]<\/p>\n","protected":false},"author":1,"featured_media":0,"parent":0,"menu_order":0,"comment_status":"closed","ping_status":"closed","template":"","meta":{"footnotes":""},"class_list":["post-1783","page","type-page","status-publish","hentry"],"yoast_head":"<!-- This site is optimized with the Yoast SEO plugin v26.8 - https:\/\/yoast.com\/product\/yoast-seo-wordpress\/ -->\n<title>Sobre nosotros - ID Microelektronik &amp; Me\u00dftechnik<\/title>\n<meta name=\"description\" content=\"Elektronik \u00e0 la carte - Ma\u00dfgeschneiderte Entwicklung und Fertigung von Elektronik und Me\u00dftechnik. Reparaturen eigener Elektronik f\u00fcr Welger, Lely, Deutz Fahr, Claas, ...\" \/>\n<meta name=\"robots\" content=\"index, follow, max-snippet:-1, max-image-preview:large, max-video-preview:-1\" \/>\n<link rel=\"canonical\" href=\"https:\/\/id-micro.de\/es\/sobre-nosotros\/\" \/>\n<meta property=\"og:locale\" content=\"es_ES\" \/>\n<meta property=\"og:type\" content=\"article\" \/>\n<meta property=\"og:title\" content=\"Sobre nosotros - ID Microelektronik &amp; Me\u00dftechnik\" \/>\n<meta property=\"og:description\" content=\"Elektronik \u00e0 la carte - Ma\u00dfgeschneiderte Entwicklung und Fertigung von Elektronik und Me\u00dftechnik. Reparaturen eigener Elektronik f\u00fcr Welger, Lely, Deutz Fahr, Claas, ...\" \/>\n<meta property=\"og:url\" content=\"https:\/\/id-micro.de\/es\/sobre-nosotros\/\" \/>\n<meta property=\"og:site_name\" content=\"ID Microelektronik &amp; Me\u00dftechnik\" \/>\n<meta property=\"article:modified_time\" content=\"2023-04-26T09:20:31+00:00\" \/>\n<meta name=\"twitter:card\" content=\"summary_large_image\" \/>\n<meta name=\"twitter:label1\" content=\"Tiempo de lectura\" \/>\n\t<meta name=\"twitter:data1\" content=\"3 minutos\" \/>\n<script type=\"application\/ld+json\" class=\"yoast-schema-graph\">{\"@context\":\"https:\/\/schema.org\",\"@graph\":[{\"@type\":\"WebPage\",\"@id\":\"https:\/\/id-micro.de\/es\/sobre-nosotros\/\",\"url\":\"https:\/\/id-micro.de\/es\/sobre-nosotros\/\",\"name\":\"Sobre nosotros - ID Microelektronik &amp; Me\u00dftechnik\",\"isPartOf\":{\"@id\":\"https:\/\/id-micro.de\/es\/#website\"},\"datePublished\":\"2022-12-20T07:52:05+00:00\",\"dateModified\":\"2023-04-26T09:20:31+00:00\",\"description\":\"Elektronik \u00e0 la carte - Ma\u00dfgeschneiderte Entwicklung und Fertigung von Elektronik und Me\u00dftechnik. Reparaturen eigener Elektronik f\u00fcr Welger, Lely, Deutz Fahr, Claas, ...\",\"breadcrumb\":{\"@id\":\"https:\/\/id-micro.de\/es\/sobre-nosotros\/#breadcrumb\"},\"inLanguage\":\"es\",\"potentialAction\":[{\"@type\":\"ReadAction\",\"target\":[\"https:\/\/id-micro.de\/es\/sobre-nosotros\/\"]}]},{\"@type\":\"BreadcrumbList\",\"@id\":\"https:\/\/id-micro.de\/es\/sobre-nosotros\/#breadcrumb\",\"itemListElement\":[{\"@type\":\"ListItem\",\"position\":1,\"name\":\"Startseite\",\"item\":\"https:\/\/id-micro.de\/es\/inicio\/\"},{\"@type\":\"ListItem\",\"position\":2,\"name\":\"Sobre nosotros\"}]},{\"@type\":\"WebSite\",\"@id\":\"https:\/\/id-micro.de\/es\/#website\",\"url\":\"https:\/\/id-micro.de\/es\/\",\"name\":\"ID Microelektronik & Me\u00dftechnik\",\"description\":\"Elektronik \u00e0 la carte\",\"publisher\":{\"@id\":\"https:\/\/id-micro.de\/es\/#organization\"},\"potentialAction\":[{\"@type\":\"SearchAction\",\"target\":{\"@type\":\"EntryPoint\",\"urlTemplate\":\"https:\/\/id-micro.de\/es\/?s={search_term_string}\"},\"query-input\":{\"@type\":\"PropertyValueSpecification\",\"valueRequired\":true,\"valueName\":\"search_term_string\"}}],\"inLanguage\":\"es\"},{\"@type\":\"Organization\",\"@id\":\"https:\/\/id-micro.de\/es\/#organization\",\"name\":\"ID Microelektronik & Me\u00dftechnik GmbH\",\"url\":\"https:\/\/id-micro.de\/es\/\",\"logo\":{\"@type\":\"ImageObject\",\"inLanguage\":\"es\",\"@id\":\"https:\/\/id-micro.de\/es\/#\/schema\/logo\/image\/\",\"url\":\"https:\/\/id-micro.de\/wp-content\/uploads\/2022\/12\/ID-Logo_freigestellt.png\",\"contentUrl\":\"https:\/\/id-micro.de\/wp-content\/uploads\/2022\/12\/ID-Logo_freigestellt.png\",\"width\":1920,\"height\":361,\"caption\":\"ID Microelektronik & Me\u00dftechnik GmbH\"},\"image\":{\"@id\":\"https:\/\/id-micro.de\/es\/#\/schema\/logo\/image\/\"}}]}<\/script>\n<!-- \/ Yoast SEO plugin. -->","yoast_head_json":{"title":"Sobre nosotros - ID Microelektronik &amp; Me\u00dftechnik","description":"Elektronik \u00e0 la carte - Ma\u00dfgeschneiderte Entwicklung und Fertigung von Elektronik und Me\u00dftechnik. Reparaturen eigener Elektronik f\u00fcr Welger, Lely, Deutz Fahr, Claas, ...","robots":{"index":"index","follow":"follow","max-snippet":"max-snippet:-1","max-image-preview":"max-image-preview:large","max-video-preview":"max-video-preview:-1"},"canonical":"https:\/\/id-micro.de\/es\/sobre-nosotros\/","og_locale":"es_ES","og_type":"article","og_title":"Sobre nosotros - ID Microelektronik &amp; Me\u00dftechnik","og_description":"Elektronik \u00e0 la carte - Ma\u00dfgeschneiderte Entwicklung und Fertigung von Elektronik und Me\u00dftechnik. Reparaturen eigener Elektronik f\u00fcr Welger, Lely, Deutz Fahr, Claas, ...","og_url":"https:\/\/id-micro.de\/es\/sobre-nosotros\/","og_site_name":"ID Microelektronik &amp; Me\u00dftechnik","article_modified_time":"2023-04-26T09:20:31+00:00","twitter_card":"summary_large_image","twitter_misc":{"Tiempo de lectura":"3 minutos"},"schema":{"@context":"https:\/\/schema.org","@graph":[{"@type":"WebPage","@id":"https:\/\/id-micro.de\/es\/sobre-nosotros\/","url":"https:\/\/id-micro.de\/es\/sobre-nosotros\/","name":"Sobre nosotros - ID Microelektronik &amp; Me\u00dftechnik","isPartOf":{"@id":"https:\/\/id-micro.de\/es\/#website"},"datePublished":"2022-12-20T07:52:05+00:00","dateModified":"2023-04-26T09:20:31+00:00","description":"Elektronik \u00e0 la carte - Ma\u00dfgeschneiderte Entwicklung und Fertigung von Elektronik und Me\u00dftechnik. Reparaturen eigener Elektronik f\u00fcr Welger, Lely, Deutz Fahr, Claas, ...","breadcrumb":{"@id":"https:\/\/id-micro.de\/es\/sobre-nosotros\/#breadcrumb"},"inLanguage":"es","potentialAction":[{"@type":"ReadAction","target":["https:\/\/id-micro.de\/es\/sobre-nosotros\/"]}]},{"@type":"BreadcrumbList","@id":"https:\/\/id-micro.de\/es\/sobre-nosotros\/#breadcrumb","itemListElement":[{"@type":"ListItem","position":1,"name":"Startseite","item":"https:\/\/id-micro.de\/es\/inicio\/"},{"@type":"ListItem","position":2,"name":"Sobre nosotros"}]},{"@type":"WebSite","@id":"https:\/\/id-micro.de\/es\/#website","url":"https:\/\/id-micro.de\/es\/","name":"ID Microelektronik & Me\u00dftechnik","description":"Elektronik \u00e0 la carte","publisher":{"@id":"https:\/\/id-micro.de\/es\/#organization"},"potentialAction":[{"@type":"SearchAction","target":{"@type":"EntryPoint","urlTemplate":"https:\/\/id-micro.de\/es\/?s={search_term_string}"},"query-input":{"@type":"PropertyValueSpecification","valueRequired":true,"valueName":"search_term_string"}}],"inLanguage":"es"},{"@type":"Organization","@id":"https:\/\/id-micro.de\/es\/#organization","name":"ID Microelektronik & Me\u00dftechnik GmbH","url":"https:\/\/id-micro.de\/es\/","logo":{"@type":"ImageObject","inLanguage":"es","@id":"https:\/\/id-micro.de\/es\/#\/schema\/logo\/image\/","url":"https:\/\/id-micro.de\/wp-content\/uploads\/2022\/12\/ID-Logo_freigestellt.png","contentUrl":"https:\/\/id-micro.de\/wp-content\/uploads\/2022\/12\/ID-Logo_freigestellt.png","width":1920,"height":361,"caption":"ID Microelektronik & Me\u00dftechnik GmbH"},"image":{"@id":"https:\/\/id-micro.de\/es\/#\/schema\/logo\/image\/"}}]}},"_links":{"self":[{"href":"https:\/\/id-micro.de\/es\/wp-json\/wp\/v2\/pages\/1783","targetHints":{"allow":["GET"]}}],"collection":[{"href":"https:\/\/id-micro.de\/es\/wp-json\/wp\/v2\/pages"}],"about":[{"href":"https:\/\/id-micro.de\/es\/wp-json\/wp\/v2\/types\/page"}],"author":[{"embeddable":true,"href":"https:\/\/id-micro.de\/es\/wp-json\/wp\/v2\/users\/1"}],"replies":[{"embeddable":true,"href":"https:\/\/id-micro.de\/es\/wp-json\/wp\/v2\/comments?post=1783"}],"version-history":[{"count":3,"href":"https:\/\/id-micro.de\/es\/wp-json\/wp\/v2\/pages\/1783\/revisions"}],"predecessor-version":[{"id":1786,"href":"https:\/\/id-micro.de\/es\/wp-json\/wp\/v2\/pages\/1783\/revisions\/1786"}],"wp:attachment":[{"href":"https:\/\/id-micro.de\/es\/wp-json\/wp\/v2\/media?parent=1783"}],"curies":[{"name":"wp","href":"https:\/\/api.w.org\/{rel}","templated":true}]}}