{"id":1777,"date":"2022-12-20T07:53:48","date_gmt":"2022-12-20T07:53:48","guid":{"rendered":"https:\/\/id-micro.de\/software\/"},"modified":"2023-04-26T09:02:28","modified_gmt":"2023-04-26T09:02:28","slug":"software","status":"publish","type":"page","link":"https:\/\/id-micro.de\/es\/software\/","title":{"rendered":"Software"},"content":{"rendered":"\t\t<div data-elementor-type=\"wp-page\" data-elementor-id=\"1777\" class=\"elementor elementor-1777 elementor-60\" data-elementor-post-type=\"page\">\n\t\t\t\t\t\t<section class=\"elementor-section elementor-top-section elementor-element elementor-element-0ee8956 elementor-section-height-min-height elementor-section-boxed elementor-section-height-default elementor-section-items-middle\" data-id=\"0ee8956\" data-element_type=\"section\" data-e-type=\"section\">\n\t\t\t\t\t\t<div class=\"elementor-container elementor-column-gap-default\">\n\t\t\t\t\t<div class=\"elementor-column elementor-col-100 elementor-top-column elementor-element elementor-element-24b8eb2\" data-id=\"24b8eb2\" data-element_type=\"column\" data-e-type=\"column\">\n\t\t\t<div class=\"elementor-widget-wrap elementor-element-populated\">\n\t\t\t\t\t\t<div class=\"elementor-element elementor-element-d0f87cf elementor-widget elementor-widget-heading\" data-id=\"d0f87cf\" data-element_type=\"widget\" data-e-type=\"widget\" data-widget_type=\"heading.default\">\n\t\t\t\t<div class=\"elementor-widget-container\">\n\t\t\t\t\t<h2 class=\"elementor-heading-title elementor-size-default\">Software<\/h2>\t\t\t\t<\/div>\n\t\t\t\t<\/div>\n\t\t\t\t<section class=\"elementor-section elementor-inner-section elementor-element elementor-element-ffe2e43 elementor-section-height-min-height elementor-section-boxed elementor-section-height-default\" data-id=\"ffe2e43\" data-element_type=\"section\" data-e-type=\"section\">\n\t\t\t\t\t\t<div class=\"elementor-container elementor-column-gap-default\">\n\t\t\t\t\t<div class=\"elementor-column elementor-col-50 elementor-inner-column elementor-element elementor-element-e1310be\" data-id=\"e1310be\" data-element_type=\"column\" data-e-type=\"column\">\n\t\t\t<div class=\"elementor-widget-wrap elementor-element-populated\">\n\t\t\t\t\t\t<div class=\"elementor-element elementor-element-fd7fc58 elementor-widget elementor-widget-image\" data-id=\"fd7fc58\" data-element_type=\"widget\" data-e-type=\"widget\" data-widget_type=\"image.default\">\n\t\t\t\t<div class=\"elementor-widget-container\">\n\t\t\t\t\t\t\t\t\t\t\t\t\t\t\t<img decoding=\"async\" src=\"https:\/\/id-micro.de\/wp-content\/uploads\/elementor\/thumbs\/muething-q14kekjis8ekz7maq6zkfe9ixlva2h2xcrjxbl8c1s.png\" title=\"muething\" alt=\"muething\" loading=\"lazy\" \/>\t\t\t\t\t\t\t\t\t\t\t\t\t\t\t<\/div>\n\t\t\t\t<\/div>\n\t\t\t\t\t<\/div>\n\t\t<\/div>\n\t\t\t\t<div class=\"elementor-column elementor-col-50 elementor-inner-column elementor-element elementor-element-295a3f8\" data-id=\"295a3f8\" data-element_type=\"column\" data-e-type=\"column\">\n\t\t\t<div class=\"elementor-widget-wrap elementor-element-populated\">\n\t\t\t\t\t\t<div class=\"elementor-element elementor-element-ecc1ca7 elementor-widget elementor-widget-text-editor\" data-id=\"ecc1ca7\" data-element_type=\"widget\" data-e-type=\"widget\" data-widget_type=\"text-editor.default\">\n\t\t\t\t<div class=\"elementor-widget-container\">\n\t\t\t\t\t\t\t\t\t<div id=\"c64\">\n<div>\n<div>\n<h4>ISObus<\/h4>\n<p>Los tractores y aperos se convierten cada vez m\u00e1s en unidades complejas que pueden montarse libremente. \u00abUn terminal de mando para cualquier implemento\u00bb es el lema que tambi\u00e9n seguimos con nuestra unidad de control Balercontrol IV. Si lo desea, tambi\u00e9n podemos ofrecerle firmware compatible con ISObus para nuestra computadora de trabajo superior, con el que podr\u00e1 conectar sus implementos a tractores de una amplia gama de fabricantes.<\/p>\n<\/div>\n<\/div>\n<\/div>\n\t\t\t\t\t\t\t\t<\/div>\n\t\t\t\t<\/div>\n\t\t\t\t\t<\/div>\n\t\t<\/div>\n\t\t\t\t\t<\/div>\n\t\t<\/section>\n\t\t\t\t<section class=\"elementor-section elementor-inner-section elementor-element elementor-element-c690bab elementor-section-height-min-height elementor-section-content-middle elementor-section-boxed elementor-section-height-default\" data-id=\"c690bab\" data-element_type=\"section\" data-e-type=\"section\">\n\t\t\t\t\t\t<div class=\"elementor-container elementor-column-gap-default\">\n\t\t\t\t\t<div class=\"elementor-column elementor-col-100 elementor-inner-column elementor-element elementor-element-1629cda\" data-id=\"1629cda\" data-element_type=\"column\" data-e-type=\"column\">\n\t\t\t<div class=\"elementor-widget-wrap elementor-element-populated\">\n\t\t\t\t\t\t<div class=\"elementor-element elementor-element-b0a5275 e-transform elementor-widget elementor-widget-image\" data-id=\"b0a5275\" data-element_type=\"widget\" data-e-type=\"widget\" data-settings=\"{&quot;_transform_scale_effect&quot;:{&quot;unit&quot;:&quot;px&quot;,&quot;size&quot;:0.6,&quot;sizes&quot;:[]},&quot;_transform_scale_effect_tablet&quot;:{&quot;unit&quot;:&quot;px&quot;,&quot;size&quot;:&quot;&quot;,&quot;sizes&quot;:[]},&quot;_transform_scale_effect_mobile&quot;:{&quot;unit&quot;:&quot;px&quot;,&quot;size&quot;:&quot;&quot;,&quot;sizes&quot;:[]}}\" data-widget_type=\"image.default\">\n\t\t\t\t<div class=\"elementor-widget-container\">\n\t\t\t\t\t\t\t\t\t\t\t\t\t\t\t<img fetchpriority=\"high\" decoding=\"async\" width=\"1190\" height=\"64\" src=\"https:\/\/id-micro.de\/wp-content\/uploads\/2022\/12\/Strichpunkt_slim.png\" class=\"attachment-full size-full wp-image-1474\" alt=\"\" srcset=\"https:\/\/id-micro.de\/wp-content\/uploads\/2022\/12\/Strichpunkt_slim.png 1190w, https:\/\/id-micro.de\/wp-content\/uploads\/2022\/12\/Strichpunkt_slim-300x16.png 300w, https:\/\/id-micro.de\/wp-content\/uploads\/2022\/12\/Strichpunkt_slim-1024x55.png 1024w, https:\/\/id-micro.de\/wp-content\/uploads\/2022\/12\/Strichpunkt_slim-768x41.png 768w\" sizes=\"(max-width: 1190px) 100vw, 1190px\" \/>\t\t\t\t\t\t\t\t\t\t\t\t\t\t\t<\/div>\n\t\t\t\t<\/div>\n\t\t\t\t\t<\/div>\n\t\t<\/div>\n\t\t\t\t\t<\/div>\n\t\t<\/section>\n\t\t\t\t<section class=\"elementor-section elementor-inner-section elementor-element elementor-element-6510c5c elementor-section-height-min-height elementor-section-boxed elementor-section-height-default\" data-id=\"6510c5c\" data-element_type=\"section\" data-e-type=\"section\">\n\t\t\t\t\t\t<div class=\"elementor-container elementor-column-gap-default\">\n\t\t\t\t\t<div class=\"elementor-column elementor-col-50 elementor-inner-column elementor-element elementor-element-3c3765e\" data-id=\"3c3765e\" data-element_type=\"column\" data-e-type=\"column\">\n\t\t\t<div class=\"elementor-widget-wrap elementor-element-populated\">\n\t\t\t\t\t\t<div class=\"elementor-element elementor-element-2378e41 elementor-widget elementor-widget-text-editor\" data-id=\"2378e41\" data-element_type=\"widget\" data-e-type=\"widget\" data-widget_type=\"text-editor.default\">\n\t\t\t\t<div class=\"elementor-widget-container\">\n\t\t\t\t\t\t\t\t\t<div id=\"c64\">\n<div>\n<div>\n<h4>Interfaces gr\u00e1ficas de usuario<\/h4>\n<p>No s\u00f3lo desde la d\u00e9cada de 2000 nuestros otros controles de m\u00e1quinas disponen ya de una interfaz gr\u00e1fica de usuario similar al ISObus con el correspondiente \u00e1mbito de manejo. Dependiendo de la unidad de control, tambi\u00e9n puede accionarse de forma t\u00e1ctil.<\/p>\n<\/div>\n<\/div>\n<\/div>\n\t\t\t\t\t\t\t\t<\/div>\n\t\t\t\t<\/div>\n\t\t\t\t\t<\/div>\n\t\t<\/div>\n\t\t\t\t<div class=\"elementor-column elementor-col-50 elementor-inner-column elementor-element elementor-element-b042fc9\" data-id=\"b042fc9\" data-element_type=\"column\" data-e-type=\"column\">\n\t\t\t<div class=\"elementor-widget-wrap elementor-element-populated\">\n\t\t\t\t\t\t<div class=\"elementor-element elementor-element-f982711 elementor-widget elementor-widget-image\" data-id=\"f982711\" data-element_type=\"widget\" data-e-type=\"widget\" data-widget_type=\"image.default\">\n\t\t\t\t<div class=\"elementor-widget-container\">\n\t\t\t\t\t\t\t\t\t\t\t\t\t\t\t<img decoding=\"async\" width=\"320\" height=\"240\" src=\"https:\/\/id-micro.de\/wp-content\/uploads\/2023\/01\/BedienScreen.png\" class=\"attachment-full size-full wp-image-1561\" alt=\"\" srcset=\"https:\/\/id-micro.de\/wp-content\/uploads\/2023\/01\/BedienScreen.png 320w, https:\/\/id-micro.de\/wp-content\/uploads\/2023\/01\/BedienScreen-300x225.png 300w\" sizes=\"(max-width: 320px) 100vw, 320px\" \/>\t\t\t\t\t\t\t\t\t\t\t\t\t\t\t<\/div>\n\t\t\t\t<\/div>\n\t\t\t\t\t<\/div>\n\t\t<\/div>\n\t\t\t\t\t<\/div>\n\t\t<\/section>\n\t\t\t\t<section class=\"elementor-section elementor-inner-section elementor-element elementor-element-42df1ce elementor-section-height-min-height elementor-section-content-middle elementor-section-boxed elementor-section-height-default\" data-id=\"42df1ce\" data-element_type=\"section\" data-e-type=\"section\">\n\t\t\t\t\t\t<div class=\"elementor-container elementor-column-gap-default\">\n\t\t\t\t\t<div class=\"elementor-column elementor-col-100 elementor-inner-column elementor-element elementor-element-b73cf48\" data-id=\"b73cf48\" data-element_type=\"column\" data-e-type=\"column\">\n\t\t\t<div class=\"elementor-widget-wrap elementor-element-populated\">\n\t\t\t\t\t\t<div class=\"elementor-element elementor-element-1171545 e-transform elementor-widget elementor-widget-image\" data-id=\"1171545\" data-element_type=\"widget\" data-e-type=\"widget\" data-settings=\"{&quot;_transform_scale_effect&quot;:{&quot;unit&quot;:&quot;px&quot;,&quot;size&quot;:0.6,&quot;sizes&quot;:[]},&quot;_transform_scale_effect_tablet&quot;:{&quot;unit&quot;:&quot;px&quot;,&quot;size&quot;:&quot;&quot;,&quot;sizes&quot;:[]},&quot;_transform_scale_effect_mobile&quot;:{&quot;unit&quot;:&quot;px&quot;,&quot;size&quot;:&quot;&quot;,&quot;sizes&quot;:[]}}\" data-widget_type=\"image.default\">\n\t\t\t\t<div class=\"elementor-widget-container\">\n\t\t\t\t\t\t\t\t\t\t\t\t\t\t\t<img fetchpriority=\"high\" decoding=\"async\" width=\"1190\" height=\"64\" src=\"https:\/\/id-micro.de\/wp-content\/uploads\/2022\/12\/Strichpunkt_slim.png\" class=\"attachment-full size-full wp-image-1474\" alt=\"\" srcset=\"https:\/\/id-micro.de\/wp-content\/uploads\/2022\/12\/Strichpunkt_slim.png 1190w, https:\/\/id-micro.de\/wp-content\/uploads\/2022\/12\/Strichpunkt_slim-300x16.png 300w, https:\/\/id-micro.de\/wp-content\/uploads\/2022\/12\/Strichpunkt_slim-1024x55.png 1024w, https:\/\/id-micro.de\/wp-content\/uploads\/2022\/12\/Strichpunkt_slim-768x41.png 768w\" sizes=\"(max-width: 1190px) 100vw, 1190px\" \/>\t\t\t\t\t\t\t\t\t\t\t\t\t\t\t<\/div>\n\t\t\t\t<\/div>\n\t\t\t\t\t<\/div>\n\t\t<\/div>\n\t\t\t\t\t<\/div>\n\t\t<\/section>\n\t\t\t\t<section class=\"elementor-section elementor-inner-section elementor-element elementor-element-165314c elementor-section-height-min-height elementor-section-boxed elementor-section-height-default\" data-id=\"165314c\" data-element_type=\"section\" data-e-type=\"section\">\n\t\t\t\t\t\t<div class=\"elementor-container elementor-column-gap-default\">\n\t\t\t\t\t<div class=\"elementor-column elementor-col-50 elementor-inner-column elementor-element elementor-element-f25ad83\" data-id=\"f25ad83\" data-element_type=\"column\" data-e-type=\"column\">\n\t\t\t<div class=\"elementor-widget-wrap elementor-element-populated\">\n\t\t\t\t\t\t<div class=\"elementor-element elementor-element-c56c0a9 elementor-widget elementor-widget-image\" data-id=\"c56c0a9\" data-element_type=\"widget\" data-e-type=\"widget\" data-widget_type=\"image.default\">\n\t\t\t\t<div class=\"elementor-widget-container\">\n\t\t\t\t\t\t\t\t\t\t\t\t\t\t\t<img decoding=\"async\" src=\"https:\/\/id-micro.de\/wp-content\/uploads\/elementor\/thumbs\/ID-Prommer-q14kewrf92vb654jqu9ptt6inm71ujffqg18k6q7sw.png\" title=\"ID-Prommer\" alt=\"ID-Prommer\" loading=\"lazy\" \/>\t\t\t\t\t\t\t\t\t\t\t\t\t\t\t<\/div>\n\t\t\t\t<\/div>\n\t\t\t\t\t<\/div>\n\t\t<\/div>\n\t\t\t\t<div class=\"elementor-column elementor-col-50 elementor-inner-column elementor-element elementor-element-ca2b275\" data-id=\"ca2b275\" data-element_type=\"column\" data-e-type=\"column\">\n\t\t\t<div class=\"elementor-widget-wrap elementor-element-populated\">\n\t\t\t\t\t\t<div class=\"elementor-element elementor-element-e9a599d elementor-widget elementor-widget-text-editor\" data-id=\"e9a599d\" data-element_type=\"widget\" data-e-type=\"widget\" data-widget_type=\"text-editor.default\">\n\t\t\t\t<div class=\"elementor-widget-container\">\n\t\t\t\t\t\t\t\t\t<div id=\"c64\">\n<div>\n<div>\n<h4>Programaci\u00f3n del firmware<\/h4>\n<h5>ID Prommer<\/h5>\n<p>Con nuestro ID Prommer de desarrollo propio, casi todos nuestros componentes electr\u00f3nicos pueden actualizarse a un nuevo estado de software, no s\u00f3lo en nuestra producci\u00f3n, sino tambi\u00e9n en su l\u00ednea de montaje o sobre el terreno.<\/p>\n<\/div>\n<\/div>\n<\/div>\n\t\t\t\t\t\t\t\t<\/div>\n\t\t\t\t<\/div>\n\t\t\t\t\t<\/div>\n\t\t<\/div>\n\t\t\t\t\t<\/div>\n\t\t<\/section>\n\t\t\t\t\t<\/div>\n\t\t<\/div>\n\t\t\t\t\t<\/div>\n\t\t<\/section>\n\t\t\t\t<\/div>\n\t\t","protected":false},"excerpt":{"rendered":"<p>Software ISObus Los tractores y aperos se convierten cada vez m\u00e1s en unidades complejas que pueden montarse libremente. \u00abUn terminal de mando para cualquier implemento\u00bb es el lema que tambi\u00e9n seguimos con nuestra unidad de control Balercontrol IV. Si lo desea, tambi\u00e9n podemos ofrecerle firmware compatible con ISObus para nuestra computadora de trabajo superior, con [&hellip;]<\/p>\n","protected":false},"author":1,"featured_media":0,"parent":0,"menu_order":0,"comment_status":"closed","ping_status":"closed","template":"","meta":{"footnotes":""},"class_list":["post-1777","page","type-page","status-publish","hentry"],"yoast_head":"<!-- This site is optimized with the Yoast SEO plugin v26.8 - https:\/\/yoast.com\/product\/yoast-seo-wordpress\/ -->\n<title>Software - ID Microelektronik &amp; Me\u00dftechnik<\/title>\n<meta name=\"description\" content=\"Electr\u00f3nica a la carta - Desarrollo y producci\u00f3n a medida de dispositivos de mando, unidades de control, tecnolog\u00eda de medici\u00f3n y mazos de cables\" \/>\n<meta name=\"robots\" content=\"index, follow, max-snippet:-1, max-image-preview:large, max-video-preview:-1\" \/>\n<link rel=\"canonical\" href=\"https:\/\/id-micro.de\/es\/software\/\" \/>\n<meta property=\"og:locale\" content=\"es_ES\" \/>\n<meta property=\"og:type\" content=\"article\" \/>\n<meta property=\"og:title\" content=\"Software - ID Microelektronik &amp; Me\u00dftechnik\" \/>\n<meta property=\"og:description\" content=\"Electr\u00f3nica a la carta - Desarrollo y producci\u00f3n a medida de dispositivos de mando, unidades de control, tecnolog\u00eda de medici\u00f3n y mazos de cables\" \/>\n<meta property=\"og:url\" content=\"https:\/\/id-micro.de\/es\/software\/\" \/>\n<meta property=\"og:site_name\" content=\"ID Microelektronik &amp; Me\u00dftechnik\" \/>\n<meta property=\"article:modified_time\" content=\"2023-04-26T09:02:28+00:00\" \/>\n<meta property=\"og:image\" content=\"https:\/\/id-micro.de\/wp-content\/uploads\/elementor\/thumbs\/muething-q14kekjis8ekz7maq6zkfe9ixlva2h2xcrjxbl8c1s.png\" \/>\n<meta name=\"twitter:card\" content=\"summary_large_image\" \/>\n<meta name=\"twitter:label1\" content=\"Tiempo de lectura\" \/>\n\t<meta name=\"twitter:data1\" content=\"1 minuto\" \/>\n<script type=\"application\/ld+json\" class=\"yoast-schema-graph\">{\"@context\":\"https:\/\/schema.org\",\"@graph\":[{\"@type\":\"WebPage\",\"@id\":\"https:\/\/id-micro.de\/es\/software\/\",\"url\":\"https:\/\/id-micro.de\/es\/software\/\",\"name\":\"Software - ID Microelektronik &amp; Me\u00dftechnik\",\"isPartOf\":{\"@id\":\"https:\/\/id-micro.de\/es\/#website\"},\"primaryImageOfPage\":{\"@id\":\"https:\/\/id-micro.de\/es\/software\/#primaryimage\"},\"image\":{\"@id\":\"https:\/\/id-micro.de\/es\/software\/#primaryimage\"},\"thumbnailUrl\":\"https:\/\/id-micro.de\/wp-content\/uploads\/elementor\/thumbs\/muething-q14kekjis8ekz7maq6zkfe9ixlva2h2xcrjxbl8c1s.png\",\"datePublished\":\"2022-12-20T07:53:48+00:00\",\"dateModified\":\"2023-04-26T09:02:28+00:00\",\"description\":\"Electr\u00f3nica a la carta - Desarrollo y producci\u00f3n a medida de dispositivos de mando, unidades de control, tecnolog\u00eda de medici\u00f3n y mazos de cables\",\"breadcrumb\":{\"@id\":\"https:\/\/id-micro.de\/es\/software\/#breadcrumb\"},\"inLanguage\":\"es\",\"potentialAction\":[{\"@type\":\"ReadAction\",\"target\":[\"https:\/\/id-micro.de\/es\/software\/\"]}]},{\"@type\":\"ImageObject\",\"inLanguage\":\"es\",\"@id\":\"https:\/\/id-micro.de\/es\/software\/#primaryimage\",\"url\":\"https:\/\/id-micro.de\/wp-content\/uploads\/elementor\/thumbs\/muething-q14kekjis8ekz7maq6zkfe9ixlva2h2xcrjxbl8c1s.png\",\"contentUrl\":\"https:\/\/id-micro.de\/wp-content\/uploads\/elementor\/thumbs\/muething-q14kekjis8ekz7maq6zkfe9ixlva2h2xcrjxbl8c1s.png\"},{\"@type\":\"BreadcrumbList\",\"@id\":\"https:\/\/id-micro.de\/es\/software\/#breadcrumb\",\"itemListElement\":[{\"@type\":\"ListItem\",\"position\":1,\"name\":\"Startseite\",\"item\":\"https:\/\/id-micro.de\/es\/inicio\/\"},{\"@type\":\"ListItem\",\"position\":2,\"name\":\"Software\"}]},{\"@type\":\"WebSite\",\"@id\":\"https:\/\/id-micro.de\/es\/#website\",\"url\":\"https:\/\/id-micro.de\/es\/\",\"name\":\"ID Microelektronik & Me\u00dftechnik\",\"description\":\"Elektronik \u00e0 la carte\",\"publisher\":{\"@id\":\"https:\/\/id-micro.de\/es\/#organization\"},\"potentialAction\":[{\"@type\":\"SearchAction\",\"target\":{\"@type\":\"EntryPoint\",\"urlTemplate\":\"https:\/\/id-micro.de\/es\/?s={search_term_string}\"},\"query-input\":{\"@type\":\"PropertyValueSpecification\",\"valueRequired\":true,\"valueName\":\"search_term_string\"}}],\"inLanguage\":\"es\"},{\"@type\":\"Organization\",\"@id\":\"https:\/\/id-micro.de\/es\/#organization\",\"name\":\"ID Microelektronik & Me\u00dftechnik GmbH\",\"url\":\"https:\/\/id-micro.de\/es\/\",\"logo\":{\"@type\":\"ImageObject\",\"inLanguage\":\"es\",\"@id\":\"https:\/\/id-micro.de\/es\/#\/schema\/logo\/image\/\",\"url\":\"https:\/\/id-micro.de\/wp-content\/uploads\/2022\/12\/ID-Logo_freigestellt.png\",\"contentUrl\":\"https:\/\/id-micro.de\/wp-content\/uploads\/2022\/12\/ID-Logo_freigestellt.png\",\"width\":1920,\"height\":361,\"caption\":\"ID Microelektronik & Me\u00dftechnik GmbH\"},\"image\":{\"@id\":\"https:\/\/id-micro.de\/es\/#\/schema\/logo\/image\/\"}}]}<\/script>\n<!-- \/ Yoast SEO plugin. -->","yoast_head_json":{"title":"Software - ID Microelektronik &amp; Me\u00dftechnik","description":"Electr\u00f3nica a la carta - Desarrollo y producci\u00f3n a medida de dispositivos de mando, unidades de control, tecnolog\u00eda de medici\u00f3n y mazos de cables","robots":{"index":"index","follow":"follow","max-snippet":"max-snippet:-1","max-image-preview":"max-image-preview:large","max-video-preview":"max-video-preview:-1"},"canonical":"https:\/\/id-micro.de\/es\/software\/","og_locale":"es_ES","og_type":"article","og_title":"Software - ID Microelektronik &amp; Me\u00dftechnik","og_description":"Electr\u00f3nica a la carta - Desarrollo y producci\u00f3n a medida de dispositivos de mando, unidades de control, tecnolog\u00eda de medici\u00f3n y mazos de cables","og_url":"https:\/\/id-micro.de\/es\/software\/","og_site_name":"ID Microelektronik &amp; Me\u00dftechnik","article_modified_time":"2023-04-26T09:02:28+00:00","og_image":[{"url":"https:\/\/id-micro.de\/wp-content\/uploads\/elementor\/thumbs\/muething-q14kekjis8ekz7maq6zkfe9ixlva2h2xcrjxbl8c1s.png","type":"","width":"","height":""}],"twitter_card":"summary_large_image","twitter_misc":{"Tiempo de lectura":"1 minuto"},"schema":{"@context":"https:\/\/schema.org","@graph":[{"@type":"WebPage","@id":"https:\/\/id-micro.de\/es\/software\/","url":"https:\/\/id-micro.de\/es\/software\/","name":"Software - ID Microelektronik &amp; Me\u00dftechnik","isPartOf":{"@id":"https:\/\/id-micro.de\/es\/#website"},"primaryImageOfPage":{"@id":"https:\/\/id-micro.de\/es\/software\/#primaryimage"},"image":{"@id":"https:\/\/id-micro.de\/es\/software\/#primaryimage"},"thumbnailUrl":"https:\/\/id-micro.de\/wp-content\/uploads\/elementor\/thumbs\/muething-q14kekjis8ekz7maq6zkfe9ixlva2h2xcrjxbl8c1s.png","datePublished":"2022-12-20T07:53:48+00:00","dateModified":"2023-04-26T09:02:28+00:00","description":"Electr\u00f3nica a la carta - Desarrollo y producci\u00f3n a medida de dispositivos de mando, unidades de control, tecnolog\u00eda de medici\u00f3n y mazos de cables","breadcrumb":{"@id":"https:\/\/id-micro.de\/es\/software\/#breadcrumb"},"inLanguage":"es","potentialAction":[{"@type":"ReadAction","target":["https:\/\/id-micro.de\/es\/software\/"]}]},{"@type":"ImageObject","inLanguage":"es","@id":"https:\/\/id-micro.de\/es\/software\/#primaryimage","url":"https:\/\/id-micro.de\/wp-content\/uploads\/elementor\/thumbs\/muething-q14kekjis8ekz7maq6zkfe9ixlva2h2xcrjxbl8c1s.png","contentUrl":"https:\/\/id-micro.de\/wp-content\/uploads\/elementor\/thumbs\/muething-q14kekjis8ekz7maq6zkfe9ixlva2h2xcrjxbl8c1s.png"},{"@type":"BreadcrumbList","@id":"https:\/\/id-micro.de\/es\/software\/#breadcrumb","itemListElement":[{"@type":"ListItem","position":1,"name":"Startseite","item":"https:\/\/id-micro.de\/es\/inicio\/"},{"@type":"ListItem","position":2,"name":"Software"}]},{"@type":"WebSite","@id":"https:\/\/id-micro.de\/es\/#website","url":"https:\/\/id-micro.de\/es\/","name":"ID Microelektronik & Me\u00dftechnik","description":"Elektronik \u00e0 la carte","publisher":{"@id":"https:\/\/id-micro.de\/es\/#organization"},"potentialAction":[{"@type":"SearchAction","target":{"@type":"EntryPoint","urlTemplate":"https:\/\/id-micro.de\/es\/?s={search_term_string}"},"query-input":{"@type":"PropertyValueSpecification","valueRequired":true,"valueName":"search_term_string"}}],"inLanguage":"es"},{"@type":"Organization","@id":"https:\/\/id-micro.de\/es\/#organization","name":"ID Microelektronik & Me\u00dftechnik GmbH","url":"https:\/\/id-micro.de\/es\/","logo":{"@type":"ImageObject","inLanguage":"es","@id":"https:\/\/id-micro.de\/es\/#\/schema\/logo\/image\/","url":"https:\/\/id-micro.de\/wp-content\/uploads\/2022\/12\/ID-Logo_freigestellt.png","contentUrl":"https:\/\/id-micro.de\/wp-content\/uploads\/2022\/12\/ID-Logo_freigestellt.png","width":1920,"height":361,"caption":"ID Microelektronik & Me\u00dftechnik GmbH"},"image":{"@id":"https:\/\/id-micro.de\/es\/#\/schema\/logo\/image\/"}}]}},"_links":{"self":[{"href":"https:\/\/id-micro.de\/es\/wp-json\/wp\/v2\/pages\/1777","targetHints":{"allow":["GET"]}}],"collection":[{"href":"https:\/\/id-micro.de\/es\/wp-json\/wp\/v2\/pages"}],"about":[{"href":"https:\/\/id-micro.de\/es\/wp-json\/wp\/v2\/types\/page"}],"author":[{"embeddable":true,"href":"https:\/\/id-micro.de\/es\/wp-json\/wp\/v2\/users\/1"}],"replies":[{"embeddable":true,"href":"https:\/\/id-micro.de\/es\/wp-json\/wp\/v2\/comments?post=1777"}],"version-history":[{"count":1,"href":"https:\/\/id-micro.de\/es\/wp-json\/wp\/v2\/pages\/1777\/revisions"}],"predecessor-version":[{"id":1778,"href":"https:\/\/id-micro.de\/es\/wp-json\/wp\/v2\/pages\/1777\/revisions\/1778"}],"wp:attachment":[{"href":"https:\/\/id-micro.de\/es\/wp-json\/wp\/v2\/media?parent=1777"}],"curies":[{"name":"wp","href":"https:\/\/api.w.org\/{rel}","templated":true}]}}