{"id":1751,"date":"2023-01-09T15:49:02","date_gmt":"2023-01-09T15:49:02","guid":{"rendered":"https:\/\/id-micro.de\/proteccion-de-datos\/"},"modified":"2023-04-26T08:49:12","modified_gmt":"2023-04-26T08:49:12","slug":"proteccion-de-datos","status":"publish","type":"page","link":"https:\/\/id-micro.de\/es\/proteccion-de-datos\/","title":{"rendered":"Protecci\u00f3n de datos"},"content":{"rendered":"\t\t<div data-elementor-type=\"wp-page\" data-elementor-id=\"1751\" class=\"elementor elementor-1751 elementor-758\" data-elementor-post-type=\"page\">\n\t\t\t\t\t\t<section class=\"elementor-section elementor-top-section elementor-element elementor-element-3f3070e elementor-section-boxed elementor-section-height-default elementor-section-height-default\" data-id=\"3f3070e\" data-element_type=\"section\" data-e-type=\"section\">\n\t\t\t\t\t\t<div class=\"elementor-container elementor-column-gap-default\">\n\t\t\t\t\t<div class=\"elementor-column elementor-col-100 elementor-top-column elementor-element elementor-element-492ad24\" data-id=\"492ad24\" data-element_type=\"column\" data-e-type=\"column\">\n\t\t\t<div class=\"elementor-widget-wrap elementor-element-populated\">\n\t\t\t\t\t\t<div class=\"elementor-element elementor-element-60d9620 elementor-widget elementor-widget-heading\" data-id=\"60d9620\" data-element_type=\"widget\" data-e-type=\"widget\" data-widget_type=\"heading.default\">\n\t\t\t\t<div class=\"elementor-widget-container\">\n\t\t\t\t\t<h2 class=\"elementor-heading-title elementor-size-default\">Pol\u00edtica de privacidad<\/h2>\t\t\t\t<\/div>\n\t\t\t\t<\/div>\n\t\t\t\t<div class=\"elementor-element elementor-element-bf33e25 elementor-widget elementor-widget-text-editor\" data-id=\"bf33e25\" data-element_type=\"widget\" data-e-type=\"widget\" data-widget_type=\"text-editor.default\">\n\t\t\t\t<div class=\"elementor-widget-container\">\n\t\t\t\t\t\t\t\t\t<div>\n<div>\n<p>La protecci\u00f3n de su privacidad cuando utiliza nuestro sitio web es importante para nosotros. Como operador de este sitio web, ID Microelektronik &amp; Me\u00dftechnik GmbH desea informarle a continuaci\u00f3n de qu\u00e9 datos se recopilan, transmiten y guardan cuando usted visita www.id-micro.de.<\/p>\n<p>Por lo tanto, tenga en cuenta la siguiente informaci\u00f3n:<\/p>\n<p><strong>Enlaces a otros sitios web<\/strong><\/p>\n<p>La oferta en l\u00ednea contiene enlaces a otros sitios web (los llamados enlaces externos). No tenemos influencia alguna sobre el cumplimiento de la normativa de protecci\u00f3n de datos por parte de los operadores de otros sitios web.<\/p>\n<p>Como proveedor, ID Microelektronik &amp; Me\u00dftechnik GmbH es responsable de su propio contenido de acuerdo con la legislaci\u00f3n general. Estos contenidos propios pueden distinguirse de los \u00abenlaces\u00bb a contenidos proporcionados por otros proveedores. ID Microelektronik &amp; Me\u00dftechnik GmbH no asume ninguna responsabilidad por los contenidos de terceros que se pongan a disposici\u00f3n del usuario a trav\u00e9s de enlaces y est\u00e9n especialmente marcados, y no adopta su contenido como propio. El proveedor del sitio web al que se hace referencia ser\u00e1 el \u00fanico responsable de los contenidos ilegales, incorrectos o incompletos, as\u00ed como de los da\u00f1os derivados del uso o no uso de la informaci\u00f3n. Los editores s\u00f3lo son responsables de los enlaces externos si tienen conocimiento positivo de ellos, es decir, tambi\u00e9n de cualquier contenido ilegal o delictivo, y es t\u00e9cnicamente posible y razonable impedir su uso.<\/p>\n<p><strong>Derecho de recurso ante la autoridad de control<\/strong><br \/>Cualquier usuario podr\u00e1 presentar una reclamaci\u00f3n ante la autoridad de control competente, de conformidad con el art\u00edculo 77 de la DSGVO, si considera que el tratamiento de sus datos personales se lleva a cabo de forma il\u00edcita.<\/p>\n<p>La autoridad de control competente es:<br \/>Landesbeauftragte\/r f\u00fcr den Datenschutz Niedersachsen<br \/>Correo electr\u00f3nico: <a title=\"Opens window for sending email\" href=\"mailto:poststelle@lfd.niedersachsen.de\"><u>poststelle@lfd.niedersachsen.de<\/u><\/a><\/p>\n<p><strong>Modificaci\u00f3n del aviso de protecci\u00f3n de datos<\/strong><br \/>ID Microelektronik &amp; Me\u00dftechnik GmbH se reserva el derecho de actualizar esta informaci\u00f3n sobre protecci\u00f3n de datos. En caso de modificaciones que pudieran perjudicarle, ID Microelektronik &amp; Me\u00dftechnik GmbH le informar\u00e1 oportunamente.<\/p>\n<p><strong>Responsable de protecci\u00f3n de datos de ID Microelektronik &amp; Me\u00dftechnik GmbH<\/strong><br \/>Si tiene m\u00e1s preguntas sobre el tema \u00abProtecci\u00f3n de datos en ID Microelektronik\u00bb, puede enviar informaci\u00f3n sobre sus datos y tambi\u00e9n sugerencias en cualquier momento por correo electr\u00f3nico a la siguiente direcci\u00f3n:<\/p>\n<p>Correo electr\u00f3nico: <a href=\"mailto:datenschutz@id-micro.de\"><u>datenschutz@id-micro.de<\/u><\/a><\/p>\n<\/div>\n<\/div>\n\t\t\t\t\t\t\t\t<\/div>\n\t\t\t\t<\/div>\n\t\t\t\t\t<\/div>\n\t\t<\/div>\n\t\t\t\t\t<\/div>\n\t\t<\/section>\n\t\t\t\t<\/div>\n\t\t","protected":false},"excerpt":{"rendered":"<p>Pol\u00edtica de privacidad La protecci\u00f3n de su privacidad cuando utiliza nuestro sitio web es importante para nosotros. Como operador de este sitio web, ID Microelektronik &amp; Me\u00dftechnik GmbH desea informarle a continuaci\u00f3n de qu\u00e9 datos se recopilan, transmiten y guardan cuando usted visita www.id-micro.de. Por lo tanto, tenga en cuenta la siguiente informaci\u00f3n: Enlaces a [&hellip;]<\/p>\n","protected":false},"author":1,"featured_media":0,"parent":0,"menu_order":0,"comment_status":"closed","ping_status":"closed","template":"","meta":{"footnotes":""},"class_list":["post-1751","page","type-page","status-publish","hentry"],"yoast_head":"<!-- This site is optimized with the Yoast SEO plugin v26.8 - https:\/\/yoast.com\/product\/yoast-seo-wordpress\/ -->\n<title>Protecci\u00f3n de datos - ID Microelektronik &amp; Me\u00dftechnik<\/title>\n<meta name=\"description\" content=\"Elektronik \u00e0 la carte - Ma\u00dfgeschneiderte Entwicklung und Fertigung von Elektronik und Me\u00dftechnik. Reparaturen eigener Elektronik f\u00fcr Welger, Lely, Deutz Fahr, Claas, ...\" \/>\n<meta name=\"robots\" content=\"index, follow, max-snippet:-1, max-image-preview:large, max-video-preview:-1\" \/>\n<link rel=\"canonical\" href=\"https:\/\/id-micro.de\/es\/proteccion-de-datos\/\" \/>\n<meta property=\"og:locale\" content=\"es_ES\" \/>\n<meta property=\"og:type\" content=\"article\" \/>\n<meta property=\"og:title\" content=\"Protecci\u00f3n de datos - ID Microelektronik &amp; Me\u00dftechnik\" \/>\n<meta property=\"og:description\" content=\"Elektronik \u00e0 la carte - Ma\u00dfgeschneiderte Entwicklung und Fertigung von Elektronik und Me\u00dftechnik. Reparaturen eigener Elektronik f\u00fcr Welger, Lely, Deutz Fahr, Claas, ...\" \/>\n<meta property=\"og:url\" content=\"https:\/\/id-micro.de\/es\/proteccion-de-datos\/\" \/>\n<meta property=\"og:site_name\" content=\"ID Microelektronik &amp; Me\u00dftechnik\" \/>\n<meta property=\"article:modified_time\" content=\"2023-04-26T08:49:12+00:00\" \/>\n<meta name=\"twitter:card\" content=\"summary_large_image\" \/>\n<meta name=\"twitter:label1\" content=\"Tiempo de lectura\" \/>\n\t<meta name=\"twitter:data1\" content=\"2 minutos\" \/>\n<script type=\"application\/ld+json\" class=\"yoast-schema-graph\">{\"@context\":\"https:\/\/schema.org\",\"@graph\":[{\"@type\":\"WebPage\",\"@id\":\"https:\/\/id-micro.de\/es\/proteccion-de-datos\/\",\"url\":\"https:\/\/id-micro.de\/es\/proteccion-de-datos\/\",\"name\":\"Protecci\u00f3n de datos - ID Microelektronik &amp; Me\u00dftechnik\",\"isPartOf\":{\"@id\":\"https:\/\/id-micro.de\/es\/#website\"},\"datePublished\":\"2023-01-09T15:49:02+00:00\",\"dateModified\":\"2023-04-26T08:49:12+00:00\",\"description\":\"Elektronik \u00e0 la carte - Ma\u00dfgeschneiderte Entwicklung und Fertigung von Elektronik und Me\u00dftechnik. Reparaturen eigener Elektronik f\u00fcr Welger, Lely, Deutz Fahr, Claas, ...\",\"breadcrumb\":{\"@id\":\"https:\/\/id-micro.de\/es\/proteccion-de-datos\/#breadcrumb\"},\"inLanguage\":\"es\",\"potentialAction\":[{\"@type\":\"ReadAction\",\"target\":[\"https:\/\/id-micro.de\/es\/proteccion-de-datos\/\"]}]},{\"@type\":\"BreadcrumbList\",\"@id\":\"https:\/\/id-micro.de\/es\/proteccion-de-datos\/#breadcrumb\",\"itemListElement\":[{\"@type\":\"ListItem\",\"position\":1,\"name\":\"Startseite\",\"item\":\"https:\/\/id-micro.de\/es\/inicio\/\"},{\"@type\":\"ListItem\",\"position\":2,\"name\":\"Protecci\u00f3n de datos\"}]},{\"@type\":\"WebSite\",\"@id\":\"https:\/\/id-micro.de\/es\/#website\",\"url\":\"https:\/\/id-micro.de\/es\/\",\"name\":\"ID Microelektronik & Me\u00dftechnik\",\"description\":\"Elektronik \u00e0 la carte\",\"publisher\":{\"@id\":\"https:\/\/id-micro.de\/es\/#organization\"},\"potentialAction\":[{\"@type\":\"SearchAction\",\"target\":{\"@type\":\"EntryPoint\",\"urlTemplate\":\"https:\/\/id-micro.de\/es\/?s={search_term_string}\"},\"query-input\":{\"@type\":\"PropertyValueSpecification\",\"valueRequired\":true,\"valueName\":\"search_term_string\"}}],\"inLanguage\":\"es\"},{\"@type\":\"Organization\",\"@id\":\"https:\/\/id-micro.de\/es\/#organization\",\"name\":\"ID Microelektronik & Me\u00dftechnik GmbH\",\"url\":\"https:\/\/id-micro.de\/es\/\",\"logo\":{\"@type\":\"ImageObject\",\"inLanguage\":\"es\",\"@id\":\"https:\/\/id-micro.de\/es\/#\/schema\/logo\/image\/\",\"url\":\"https:\/\/id-micro.de\/wp-content\/uploads\/2022\/12\/ID-Logo_freigestellt.png\",\"contentUrl\":\"https:\/\/id-micro.de\/wp-content\/uploads\/2022\/12\/ID-Logo_freigestellt.png\",\"width\":1920,\"height\":361,\"caption\":\"ID Microelektronik & Me\u00dftechnik GmbH\"},\"image\":{\"@id\":\"https:\/\/id-micro.de\/es\/#\/schema\/logo\/image\/\"}}]}<\/script>\n<!-- \/ Yoast SEO plugin. -->","yoast_head_json":{"title":"Protecci\u00f3n de datos - ID Microelektronik &amp; Me\u00dftechnik","description":"Elektronik \u00e0 la carte - Ma\u00dfgeschneiderte Entwicklung und Fertigung von Elektronik und Me\u00dftechnik. Reparaturen eigener Elektronik f\u00fcr Welger, Lely, Deutz Fahr, Claas, ...","robots":{"index":"index","follow":"follow","max-snippet":"max-snippet:-1","max-image-preview":"max-image-preview:large","max-video-preview":"max-video-preview:-1"},"canonical":"https:\/\/id-micro.de\/es\/proteccion-de-datos\/","og_locale":"es_ES","og_type":"article","og_title":"Protecci\u00f3n de datos - ID Microelektronik &amp; Me\u00dftechnik","og_description":"Elektronik \u00e0 la carte - Ma\u00dfgeschneiderte Entwicklung und Fertigung von Elektronik und Me\u00dftechnik. Reparaturen eigener Elektronik f\u00fcr Welger, Lely, Deutz Fahr, Claas, ...","og_url":"https:\/\/id-micro.de\/es\/proteccion-de-datos\/","og_site_name":"ID Microelektronik &amp; Me\u00dftechnik","article_modified_time":"2023-04-26T08:49:12+00:00","twitter_card":"summary_large_image","twitter_misc":{"Tiempo de lectura":"2 minutos"},"schema":{"@context":"https:\/\/schema.org","@graph":[{"@type":"WebPage","@id":"https:\/\/id-micro.de\/es\/proteccion-de-datos\/","url":"https:\/\/id-micro.de\/es\/proteccion-de-datos\/","name":"Protecci\u00f3n de datos - ID Microelektronik &amp; Me\u00dftechnik","isPartOf":{"@id":"https:\/\/id-micro.de\/es\/#website"},"datePublished":"2023-01-09T15:49:02+00:00","dateModified":"2023-04-26T08:49:12+00:00","description":"Elektronik \u00e0 la carte - Ma\u00dfgeschneiderte Entwicklung und Fertigung von Elektronik und Me\u00dftechnik. Reparaturen eigener Elektronik f\u00fcr Welger, Lely, Deutz Fahr, Claas, ...","breadcrumb":{"@id":"https:\/\/id-micro.de\/es\/proteccion-de-datos\/#breadcrumb"},"inLanguage":"es","potentialAction":[{"@type":"ReadAction","target":["https:\/\/id-micro.de\/es\/proteccion-de-datos\/"]}]},{"@type":"BreadcrumbList","@id":"https:\/\/id-micro.de\/es\/proteccion-de-datos\/#breadcrumb","itemListElement":[{"@type":"ListItem","position":1,"name":"Startseite","item":"https:\/\/id-micro.de\/es\/inicio\/"},{"@type":"ListItem","position":2,"name":"Protecci\u00f3n de datos"}]},{"@type":"WebSite","@id":"https:\/\/id-micro.de\/es\/#website","url":"https:\/\/id-micro.de\/es\/","name":"ID Microelektronik & Me\u00dftechnik","description":"Elektronik \u00e0 la carte","publisher":{"@id":"https:\/\/id-micro.de\/es\/#organization"},"potentialAction":[{"@type":"SearchAction","target":{"@type":"EntryPoint","urlTemplate":"https:\/\/id-micro.de\/es\/?s={search_term_string}"},"query-input":{"@type":"PropertyValueSpecification","valueRequired":true,"valueName":"search_term_string"}}],"inLanguage":"es"},{"@type":"Organization","@id":"https:\/\/id-micro.de\/es\/#organization","name":"ID Microelektronik & Me\u00dftechnik GmbH","url":"https:\/\/id-micro.de\/es\/","logo":{"@type":"ImageObject","inLanguage":"es","@id":"https:\/\/id-micro.de\/es\/#\/schema\/logo\/image\/","url":"https:\/\/id-micro.de\/wp-content\/uploads\/2022\/12\/ID-Logo_freigestellt.png","contentUrl":"https:\/\/id-micro.de\/wp-content\/uploads\/2022\/12\/ID-Logo_freigestellt.png","width":1920,"height":361,"caption":"ID Microelektronik & Me\u00dftechnik GmbH"},"image":{"@id":"https:\/\/id-micro.de\/es\/#\/schema\/logo\/image\/"}}]}},"_links":{"self":[{"href":"https:\/\/id-micro.de\/es\/wp-json\/wp\/v2\/pages\/1751","targetHints":{"allow":["GET"]}}],"collection":[{"href":"https:\/\/id-micro.de\/es\/wp-json\/wp\/v2\/pages"}],"about":[{"href":"https:\/\/id-micro.de\/es\/wp-json\/wp\/v2\/types\/page"}],"author":[{"embeddable":true,"href":"https:\/\/id-micro.de\/es\/wp-json\/wp\/v2\/users\/1"}],"replies":[{"embeddable":true,"href":"https:\/\/id-micro.de\/es\/wp-json\/wp\/v2\/comments?post=1751"}],"version-history":[{"count":1,"href":"https:\/\/id-micro.de\/es\/wp-json\/wp\/v2\/pages\/1751\/revisions"}],"predecessor-version":[{"id":1752,"href":"https:\/\/id-micro.de\/es\/wp-json\/wp\/v2\/pages\/1751\/revisions\/1752"}],"wp:attachment":[{"href":"https:\/\/id-micro.de\/es\/wp-json\/wp\/v2\/media?parent=1751"}],"curies":[{"name":"wp","href":"https:\/\/api.w.org\/{rel}","templated":true}]}}